{"id":116,"date":"2026-04-06T18:44:23","date_gmt":"2026-04-06T18:44:23","guid":{"rendered":"https:\/\/congchatrasua.azdigi.shop\/?post_type=product&#038;p=116"},"modified":"2026-04-06T19:53:37","modified_gmt":"2026-04-06T19:53:37","slug":"phe-espresso-hat-colom-ethi","status":"publish","type":"product","link":"https:\/\/jewelry.azdigi.shop\/index.php\/san-pham\/phe-espresso-hat-colom-ethi\/","title":{"rendered":"PH\u00ca ESPRESSO (H\u1ea1t Colom, Ethi)"},"content":{"rendered":"<div class=\"flex flex-col text-sm pb-25\">\n<section class=\"text-token-text-primary w-full focus:outline-none [--shadow-height:45px] has-data-writing-block:pointer-events-none has-data-writing-block:-mt-(--shadow-height) has-data-writing-block:pt-(--shadow-height) [&amp;:has([data-writing-block])&gt;*]:pointer-events-auto scroll-mt-[calc(var(--header-height)+min(200px,max(70px,20svh)))]\" dir=\"auto\" data-turn-id=\"request-WEB:aece0116-39d1-482d-a88f-e7d9ab7b3331-8\" data-testid=\"conversation-turn-18\" data-scroll-anchor=\"true\" data-turn=\"assistant\">\n<div class=\"text-base my-auto mx-auto pb-10 [--thread-content-margin:var(--thread-content-margin-xs,calc(var(--spacing)*4))] @w-sm\/main:[--thread-content-margin:var(--thread-content-margin-sm,calc(var(--spacing)*6))] @w-lg\/main:[--thread-content-margin:var(--thread-content-margin-lg,calc(var(--spacing)*16))] px-(--thread-content-margin)\">\n<div class=\"[--thread-content-max-width:40rem] @w-lg\/main:[--thread-content-max-width:48rem] mx-auto max-w-(--thread-content-max-width) flex-1 group\/turn-messages focus-visible:outline-hidden relative flex w-full min-w-0 flex-col agent-turn\">\n<div class=\"flex max-w-full flex-col gap-4 grow\">\n<div class=\"min-h-8 text-message relative flex w-full flex-col items-end gap-2 text-start break-words whitespace-normal outline-none keyboard-focused:focus-ring [.text-message+&amp;]:mt-1\" dir=\"auto\" tabindex=\"0\" data-message-author-role=\"assistant\" data-message-id=\"7c841da6-0b49-49f8-a0bf-918ee6c2880b\" data-message-model-slug=\"gpt-5-3\" data-turn-start-message=\"true\">\n<div class=\"flex w-full flex-col gap-1 empty:hidden\">\n<div class=\"markdown prose dark:prose-invert w-full wrap-break-word light markdown-new-styling\">\n<h1 style=\"text-align: center;\" data-start=\"0\" data-end=\"54\"><strong data-start=\"0\" data-end=\"54\">CHI TI\u1ebeT S\u1ea2N PH\u1ea8M\u00a0<\/strong><\/h1>\n<p data-start=\"0\" data-end=\"54\"><strong data-start=\"0\" data-end=\"54\"> PH\u00ca ESPRESSO (H\u1ea1t Colom, Ethi)<\/strong><\/p>\n<p data-start=\"56\" data-end=\"356\">C\u00e0 ph\u00ea \u0111\u1eb7c s\u1ea3n \u0111\u01b0\u1ee3c ph\u1ed1i tr\u1ed9n t\u1eeb h\u1ea1t Colombia v\u00e0 Ethiopia mang \u0111\u1ebfn m\u1ed9t t\u00e1ch Espresso \u0111\u1ea7y tinh t\u1ebf, h\u1ed9i t\u1ee5 tr\u1ecdn v\u1eb9n nh\u1eefng t\u1ea7ng h\u01b0\u01a1ng v\u1ecb \u0111\u1ed9c \u0111\u00e1o. Ngay t\u1eeb ng\u1ee5m \u0111\u1ea7u ti\u00ean, b\u1ea1n s\u1ebd c\u1ea3m nh\u1eadn \u0111\u01b0\u1ee3c n\u1ed1t h\u01b0\u01a1ng tr\u00e1i c\u00e2y n\u1ed5i b\u1eadt nh\u01b0 \u0111\u00e0o (peach) v\u00e0 cam (orange), t\u1ea1o n\u00ean c\u1ea3m gi\u00e1c t\u01b0\u01a1i m\u1edbi, s\u1ed1ng \u0111\u1ed9ng v\u00e0 \u0111\u1ea7y cu\u1ed1n h\u00fat.<\/p>\n<p data-start=\"358\" data-end=\"685\">Ph\u1ea7n th\u00e2n c\u00e0 ph\u00ea (juicy body) mang l\u1ea1i \u0111\u1ed9 d\u00e0y v\u1eeba ph\u1ea3i, m\u01b0\u1ee3t m\u00e0 v\u00e0 c\u00e2n b\u1eb1ng, kh\u00f4ng qu\u00e1 g\u1eaft nh\u01b0ng v\u1eabn \u0111\u1ee7 \u0111\u1eadm \u0111\u1ec3 gi\u1eef tr\u1ecdn b\u1ea3n s\u1eafc c\u1ee7a m\u1ed9t ly Espresso chu\u1ea9n. S\u1ef1 k\u1ebft h\u1ee3p gi\u1eefa hai v\u00f9ng tr\u1ed3ng c\u00e0 ph\u00ea n\u1ed5i ti\u1ebfng gi\u00fap ly c\u00e0 ph\u00ea c\u00f3 chi\u1ec1u s\u00e2u r\u00f5 r\u1ec7t, v\u1eeba c\u00f3 v\u1ecb chua thanh \u0111\u1eb7c tr\u01b0ng c\u1ee7a Ethiopia, v\u1eeba c\u00f3 \u0111\u1ed9 ng\u1ecdt d\u1ecbu v\u00e0 c\u00e2n b\u1eb1ng t\u1eeb Colombia.<\/p>\n<p data-start=\"687\" data-end=\"949\">\u0110\u1eb7c bi\u1ec7t, h\u1eadu v\u1ecb ng\u1ecdt k\u00e9o d\u00e0i (sweet aftertaste) h\u00f2a quy\u1ec7n c\u00f9ng ch\u00fat \u0111\u1eafng nh\u1eb9 c\u1ee7a chocolate, t\u1ea1o n\u00ean c\u1ea3m gi\u00e1c d\u1ec5 ch\u1ecbu v\u00e0 l\u01b0u luy\u1ebfn sau m\u1ed7i l\u1ea7n th\u01b0\u1edfng th\u1ee9c. \u0110\u00e2y ch\u00ednh l\u00e0 \u0111i\u1ec3m nh\u1ea5n gi\u00fap ly c\u00e0 ph\u00ea kh\u00f4ng ch\u1ec9 ngon \u1edf kho\u1ea3nh kh\u1eafc ban \u0111\u1ea7u m\u00e0 c\u00f2n \u0111\u1ecdng l\u1ea1i d\u01b0 v\u1ecb kh\u00f3 qu\u00ean.<\/p>\n<p data-start=\"951\" data-end=\"1220\" data-is-last-node=\"\" data-is-only-node=\"\">Ph\u00ea Espresso l\u00e0 l\u1ef1a ch\u1ecdn ho\u00e0n h\u1ea3o d\u00e0nh cho nh\u1eefng ng\u01b0\u1eddi y\u00eau c\u00e0 ph\u00ea nguy\u00ean ch\u1ea5t, mu\u1ed1n tr\u1ea3i nghi\u1ec7m h\u01b0\u01a1ng v\u1ecb \u0111\u1eb7c s\u1ea3n hi\u1ec7n \u0111\u1ea1i. Ph\u00f9 h\u1ee3p \u0111\u1ec3 th\u01b0\u1edfng th\u1ee9c v\u00e0o bu\u1ed5i s\u00e1ng \u0111\u1ec3 kh\u1edfi \u0111\u1ed9ng ng\u00e0y m\u1edbi ho\u1eb7c khi c\u1ea7n s\u1ef1 t\u1ec9nh t\u00e1o, t\u1eadp trung, mang l\u1ea1i ngu\u1ed3n n\u0103ng l\u01b0\u1ee3ng m\u1ea1nh m\u1ebd v\u00e0 \u0111\u1ea7y c\u1ea3m h\u1ee9ng.<\/p>\n<\/div>\n<\/div>\n<\/div>\n<\/div>\n<div class=\"z-0 flex min-h-[46px] justify-start\"><\/div>\n<div class=\"mt-3 w-full empty:hidden\">\n<div class=\"text-center\"><\/div>\n<\/div>\n<\/div>\n<\/div>\n<\/section>\n<\/div>\n<div class=\"pointer-events-none h-px w-px absolute bottom-0\" aria-hidden=\"true\" data-edge=\"true\"><\/div>\n","protected":false},"excerpt":{"rendered":"<p>CHI TI\u1ebeT S\u1ea2N PH\u1ea8M\u00a0 PH\u00ca ESPRESSO (H\u1ea1t Colom, Ethi) C\u00e0 ph\u00ea \u0111\u1eb7c s\u1ea3n \u0111\u01b0\u1ee3c ph\u1ed1i tr\u1ed9n t\u1eeb h\u1ea1t Colombia v\u00e0 Ethiopia mang \u0111\u1ebfn m\u1ed9t t\u00e1ch Espresso \u0111\u1ea7y tinh t\u1ebf, h\u1ed9i t\u1ee5 tr\u1ecdn v\u1eb9n nh\u1eefng t\u1ea7ng h\u01b0\u01a1ng v\u1ecb \u0111\u1ed9c \u0111\u00e1o. Ngay t\u1eeb ng\u1ee5m \u0111\u1ea7u ti\u00ean, b\u1ea1n s\u1ebd c\u1ea3m nh\u1eadn \u0111\u01b0\u1ee3c n\u1ed1t h\u01b0\u01a1ng tr\u00e1i c\u00e2y n\u1ed5i b\u1eadt [&#8230;]\n","protected":false},"featured_media":117,"comment_status":"open","ping_status":"closed","template":"","meta":[],"product_brand":[],"product_cat":[21],"product_tag":[25,29],"class_list":{"0":"post-116","1":"product","2":"type-product","3":"status-publish","4":"has-post-thumbnail","6":"product_cat-ca-phe","7":"product_tag-ethi","8":"product_tag-phe-espresso-hat-colom","10":"first","11":"instock","12":"shipping-taxable","13":"purchasable","14":"product-type-variable"},"yoast_head":"<!-- This site is optimized with the Yoast SEO plugin v27.3 - https:\/\/yoast.com\/product\/yoast-seo-wordpress\/ -->\n<title>PH\u00ca ESPRESSO (H\u1ea1t Colom, Ethi) - Trang s\u1ee9c b\u1ea1c<\/title>\n<meta name=\"robots\" content=\"index, follow, max-snippet:-1, max-image-preview:large, max-video-preview:-1\" \/>\n<link rel=\"canonical\" href=\"https:\/\/jewelry.azdigi.shop\/index.php\/san-pham\/phe-espresso-hat-colom-ethi\/\" \/>\n<meta property=\"og:locale\" content=\"vi_VN\" \/>\n<meta property=\"og:type\" content=\"article\" \/>\n<meta property=\"og:title\" content=\"PH\u00ca ESPRESSO (H\u1ea1t Colom, Ethi) - Trang s\u1ee9c b\u1ea1c\" \/>\n<meta property=\"og:description\" content=\"CHI TI\u1ebeT S\u1ea2N PH\u1ea8M\u00a0 PH\u00ca ESPRESSO (H\u1ea1t Colom, Ethi) C\u00e0 ph\u00ea \u0111\u1eb7c s\u1ea3n \u0111\u01b0\u1ee3c ph\u1ed1i tr\u1ed9n t\u1eeb h\u1ea1t Colombia v\u00e0 Ethiopia mang \u0111\u1ebfn m\u1ed9t t\u00e1ch Espresso \u0111\u1ea7y tinh t\u1ebf, h\u1ed9i t\u1ee5 tr\u1ecdn v\u1eb9n nh\u1eefng t\u1ea7ng h\u01b0\u01a1ng v\u1ecb \u0111\u1ed9c \u0111\u00e1o. Ngay t\u1eeb ng\u1ee5m \u0111\u1ea7u ti\u00ean, b\u1ea1n s\u1ebd c\u1ea3m nh\u1eadn \u0111\u01b0\u1ee3c n\u1ed1t h\u01b0\u01a1ng tr\u00e1i c\u00e2y n\u1ed5i b\u1eadt [...]\" \/>\n<meta property=\"og:url\" content=\"https:\/\/jewelry.azdigi.shop\/index.php\/san-pham\/phe-espresso-hat-colom-ethi\/\" \/>\n<meta property=\"og:site_name\" content=\"Trang s\u1ee9c b\u1ea1c\" \/>\n<meta property=\"article:modified_time\" content=\"2026-04-06T19:53:37+00:00\" \/>\n<meta property=\"og:image\" content=\"https:\/\/jewelry.azdigi.shop\/wp-content\/uploads\/2026\/04\/6.-Phe-Ame-hat-Colom-Ethi-scaled-1.jpg\" \/>\n\t<meta property=\"og:image:width\" content=\"2560\" \/>\n\t<meta property=\"og:image:height\" content=\"2560\" \/>\n\t<meta property=\"og:image:type\" content=\"image\/jpeg\" \/>\n<meta name=\"twitter:card\" content=\"summary_large_image\" \/>\n<meta name=\"twitter:label1\" content=\"\u01af\u1edbc t\u00ednh th\u1eddi gian \u0111\u1ecdc\" \/>\n\t<meta name=\"twitter:data1\" content=\"2 ph\u00fat\" \/>\n<script type=\"application\/ld+json\" class=\"yoast-schema-graph\">{\"@context\":\"https:\\\/\\\/schema.org\",\"@graph\":[{\"@type\":\"WebPage\",\"@id\":\"https:\\\/\\\/jewelry.azdigi.shop\\\/index.php\\\/san-pham\\\/phe-espresso-hat-colom-ethi\\\/\",\"url\":\"https:\\\/\\\/jewelry.azdigi.shop\\\/index.php\\\/san-pham\\\/phe-espresso-hat-colom-ethi\\\/\",\"name\":\"PH\u00ca ESPRESSO (H\u1ea1t Colom, Ethi) - Trang s\u1ee9c b\u1ea1c\",\"isPartOf\":{\"@id\":\"https:\\\/\\\/jewelry.azdigi.shop\\\/#website\"},\"primaryImageOfPage\":{\"@id\":\"https:\\\/\\\/jewelry.azdigi.shop\\\/index.php\\\/san-pham\\\/phe-espresso-hat-colom-ethi\\\/#primaryimage\"},\"image\":{\"@id\":\"https:\\\/\\\/jewelry.azdigi.shop\\\/index.php\\\/san-pham\\\/phe-espresso-hat-colom-ethi\\\/#primaryimage\"},\"thumbnailUrl\":\"https:\\\/\\\/jewelry.azdigi.shop\\\/wp-content\\\/uploads\\\/2026\\\/04\\\/6.-Phe-Ame-hat-Colom-Ethi-scaled-1.jpg\",\"datePublished\":\"2026-04-06T18:44:23+00:00\",\"dateModified\":\"2026-04-06T19:53:37+00:00\",\"breadcrumb\":{\"@id\":\"https:\\\/\\\/jewelry.azdigi.shop\\\/index.php\\\/san-pham\\\/phe-espresso-hat-colom-ethi\\\/#breadcrumb\"},\"inLanguage\":\"vi\",\"potentialAction\":[{\"@type\":\"ReadAction\",\"target\":[\"https:\\\/\\\/jewelry.azdigi.shop\\\/index.php\\\/san-pham\\\/phe-espresso-hat-colom-ethi\\\/\"]}]},{\"@type\":\"ImageObject\",\"inLanguage\":\"vi\",\"@id\":\"https:\\\/\\\/jewelry.azdigi.shop\\\/index.php\\\/san-pham\\\/phe-espresso-hat-colom-ethi\\\/#primaryimage\",\"url\":\"https:\\\/\\\/jewelry.azdigi.shop\\\/wp-content\\\/uploads\\\/2026\\\/04\\\/6.-Phe-Ame-hat-Colom-Ethi-scaled-1.jpg\",\"contentUrl\":\"https:\\\/\\\/jewelry.azdigi.shop\\\/wp-content\\\/uploads\\\/2026\\\/04\\\/6.-Phe-Ame-hat-Colom-Ethi-scaled-1.jpg\",\"width\":2560,\"height\":2560},{\"@type\":\"BreadcrumbList\",\"@id\":\"https:\\\/\\\/jewelry.azdigi.shop\\\/index.php\\\/san-pham\\\/phe-espresso-hat-colom-ethi\\\/#breadcrumb\",\"itemListElement\":[{\"@type\":\"ListItem\",\"position\":1,\"name\":\"Trang ch\u1ee7\",\"item\":\"https:\\\/\\\/jewelry.azdigi.shop\\\/\"},{\"@type\":\"ListItem\",\"position\":2,\"name\":\"C\u1eeda h\u00e0ng\",\"item\":\"https:\\\/\\\/jewelry.azdigi.shop\\\/index.php\\\/cua-hang\\\/\"},{\"@type\":\"ListItem\",\"position\":3,\"name\":\"PH\u00ca ESPRESSO (H\u1ea1t Colom, Ethi)\"}]},{\"@type\":\"WebSite\",\"@id\":\"https:\\\/\\\/jewelry.azdigi.shop\\\/#website\",\"url\":\"https:\\\/\\\/jewelry.azdigi.shop\\\/\",\"name\":\"Trang s\u1ee9c b\u1ea1c\",\"description\":\"\",\"potentialAction\":[{\"@type\":\"SearchAction\",\"target\":{\"@type\":\"EntryPoint\",\"urlTemplate\":\"https:\\\/\\\/jewelry.azdigi.shop\\\/?s={search_term_string}\"},\"query-input\":{\"@type\":\"PropertyValueSpecification\",\"valueRequired\":true,\"valueName\":\"search_term_string\"}}],\"inLanguage\":\"vi\"}]}<\/script>\n<!-- \/ Yoast SEO plugin. -->","yoast_head_json":{"title":"PH\u00ca ESPRESSO (H\u1ea1t Colom, Ethi) - Trang s\u1ee9c b\u1ea1c","robots":{"index":"index","follow":"follow","max-snippet":"max-snippet:-1","max-image-preview":"max-image-preview:large","max-video-preview":"max-video-preview:-1"},"canonical":"https:\/\/jewelry.azdigi.shop\/index.php\/san-pham\/phe-espresso-hat-colom-ethi\/","og_locale":"vi_VN","og_type":"article","og_title":"PH\u00ca ESPRESSO (H\u1ea1t Colom, Ethi) - Trang s\u1ee9c b\u1ea1c","og_description":"CHI TI\u1ebeT S\u1ea2N PH\u1ea8M\u00a0 PH\u00ca ESPRESSO (H\u1ea1t Colom, Ethi) C\u00e0 ph\u00ea \u0111\u1eb7c s\u1ea3n \u0111\u01b0\u1ee3c ph\u1ed1i tr\u1ed9n t\u1eeb h\u1ea1t Colombia v\u00e0 Ethiopia mang \u0111\u1ebfn m\u1ed9t t\u00e1ch Espresso \u0111\u1ea7y tinh t\u1ebf, h\u1ed9i t\u1ee5 tr\u1ecdn v\u1eb9n nh\u1eefng t\u1ea7ng h\u01b0\u01a1ng v\u1ecb \u0111\u1ed9c \u0111\u00e1o. Ngay t\u1eeb ng\u1ee5m \u0111\u1ea7u ti\u00ean, b\u1ea1n s\u1ebd c\u1ea3m nh\u1eadn \u0111\u01b0\u1ee3c n\u1ed1t h\u01b0\u01a1ng tr\u00e1i c\u00e2y n\u1ed5i b\u1eadt [...]","og_url":"https:\/\/jewelry.azdigi.shop\/index.php\/san-pham\/phe-espresso-hat-colom-ethi\/","og_site_name":"Trang s\u1ee9c b\u1ea1c","article_modified_time":"2026-04-06T19:53:37+00:00","og_image":[{"width":2560,"height":2560,"url":"https:\/\/jewelry.azdigi.shop\/wp-content\/uploads\/2026\/04\/6.-Phe-Ame-hat-Colom-Ethi-scaled-1.jpg","type":"image\/jpeg"}],"twitter_card":"summary_large_image","twitter_misc":{"\u01af\u1edbc t\u00ednh th\u1eddi gian \u0111\u1ecdc":"2 ph\u00fat"},"schema":{"@context":"https:\/\/schema.org","@graph":[{"@type":"WebPage","@id":"https:\/\/jewelry.azdigi.shop\/index.php\/san-pham\/phe-espresso-hat-colom-ethi\/","url":"https:\/\/jewelry.azdigi.shop\/index.php\/san-pham\/phe-espresso-hat-colom-ethi\/","name":"PH\u00ca ESPRESSO (H\u1ea1t Colom, Ethi) - Trang s\u1ee9c b\u1ea1c","isPartOf":{"@id":"https:\/\/jewelry.azdigi.shop\/#website"},"primaryImageOfPage":{"@id":"https:\/\/jewelry.azdigi.shop\/index.php\/san-pham\/phe-espresso-hat-colom-ethi\/#primaryimage"},"image":{"@id":"https:\/\/jewelry.azdigi.shop\/index.php\/san-pham\/phe-espresso-hat-colom-ethi\/#primaryimage"},"thumbnailUrl":"https:\/\/jewelry.azdigi.shop\/wp-content\/uploads\/2026\/04\/6.-Phe-Ame-hat-Colom-Ethi-scaled-1.jpg","datePublished":"2026-04-06T18:44:23+00:00","dateModified":"2026-04-06T19:53:37+00:00","breadcrumb":{"@id":"https:\/\/jewelry.azdigi.shop\/index.php\/san-pham\/phe-espresso-hat-colom-ethi\/#breadcrumb"},"inLanguage":"vi","potentialAction":[{"@type":"ReadAction","target":["https:\/\/jewelry.azdigi.shop\/index.php\/san-pham\/phe-espresso-hat-colom-ethi\/"]}]},{"@type":"ImageObject","inLanguage":"vi","@id":"https:\/\/jewelry.azdigi.shop\/index.php\/san-pham\/phe-espresso-hat-colom-ethi\/#primaryimage","url":"https:\/\/jewelry.azdigi.shop\/wp-content\/uploads\/2026\/04\/6.-Phe-Ame-hat-Colom-Ethi-scaled-1.jpg","contentUrl":"https:\/\/jewelry.azdigi.shop\/wp-content\/uploads\/2026\/04\/6.-Phe-Ame-hat-Colom-Ethi-scaled-1.jpg","width":2560,"height":2560},{"@type":"BreadcrumbList","@id":"https:\/\/jewelry.azdigi.shop\/index.php\/san-pham\/phe-espresso-hat-colom-ethi\/#breadcrumb","itemListElement":[{"@type":"ListItem","position":1,"name":"Trang ch\u1ee7","item":"https:\/\/jewelry.azdigi.shop\/"},{"@type":"ListItem","position":2,"name":"C\u1eeda h\u00e0ng","item":"https:\/\/jewelry.azdigi.shop\/index.php\/cua-hang\/"},{"@type":"ListItem","position":3,"name":"PH\u00ca ESPRESSO (H\u1ea1t Colom, Ethi)"}]},{"@type":"WebSite","@id":"https:\/\/jewelry.azdigi.shop\/#website","url":"https:\/\/jewelry.azdigi.shop\/","name":"Trang s\u1ee9c b\u1ea1c","description":"","potentialAction":[{"@type":"SearchAction","target":{"@type":"EntryPoint","urlTemplate":"https:\/\/jewelry.azdigi.shop\/?s={search_term_string}"},"query-input":{"@type":"PropertyValueSpecification","valueRequired":true,"valueName":"search_term_string"}}],"inLanguage":"vi"}]}},"_links":{"self":[{"href":"https:\/\/jewelry.azdigi.shop\/index.php\/wp-json\/wp\/v2\/product\/116","targetHints":{"allow":["GET"]}}],"collection":[{"href":"https:\/\/jewelry.azdigi.shop\/index.php\/wp-json\/wp\/v2\/product"}],"about":[{"href":"https:\/\/jewelry.azdigi.shop\/index.php\/wp-json\/wp\/v2\/types\/product"}],"replies":[{"embeddable":true,"href":"https:\/\/jewelry.azdigi.shop\/index.php\/wp-json\/wp\/v2\/comments?post=116"}],"wp:featuredmedia":[{"embeddable":true,"href":"https:\/\/jewelry.azdigi.shop\/index.php\/wp-json\/wp\/v2\/media\/117"}],"wp:attachment":[{"href":"https:\/\/jewelry.azdigi.shop\/index.php\/wp-json\/wp\/v2\/media?parent=116"}],"wp:term":[{"taxonomy":"product_brand","embeddable":true,"href":"https:\/\/jewelry.azdigi.shop\/index.php\/wp-json\/wp\/v2\/product_brand?post=116"},{"taxonomy":"product_cat","embeddable":true,"href":"https:\/\/jewelry.azdigi.shop\/index.php\/wp-json\/wp\/v2\/product_cat?post=116"},{"taxonomy":"product_tag","embeddable":true,"href":"https:\/\/jewelry.azdigi.shop\/index.php\/wp-json\/wp\/v2\/product_tag?post=116"}],"curies":[{"name":"wp","href":"https:\/\/api.w.org\/{rel}","templated":true}]}}