{"id":145,"date":"2026-04-06T19:39:27","date_gmt":"2026-04-06T19:39:27","guid":{"rendered":"https:\/\/congchatrasua.azdigi.shop\/?post_type=product&#038;p=145"},"modified":"2026-04-06T19:39:27","modified_gmt":"2026-04-06T19:39:27","slug":"phe-latte-hat-colom-ethi","status":"publish","type":"product","link":"https:\/\/jewelry.azdigi.shop\/index.php\/san-pham\/phe-latte-hat-colom-ethi\/","title":{"rendered":"PH\u00ca LATTE (H\u1ea1t Colom, Ethi)"},"content":{"rendered":"<div class=\"flex flex-col text-sm pb-25\">\n<section class=\"text-token-text-primary w-full focus:outline-none [--shadow-height:45px] has-data-writing-block:pointer-events-none has-data-writing-block:-mt-(--shadow-height) has-data-writing-block:pt-(--shadow-height) [&amp;:has([data-writing-block])&gt;*]:pointer-events-auto scroll-mt-[calc(var(--header-height)+min(200px,max(70px,20svh)))]\" dir=\"auto\" data-turn-id=\"request-WEB:aece0116-39d1-482d-a88f-e7d9ab7b3331-14\" data-testid=\"conversation-turn-30\" data-scroll-anchor=\"true\" data-turn=\"assistant\">\n<div class=\"text-base my-auto mx-auto pb-10 [--thread-content-margin:var(--thread-content-margin-xs,calc(var(--spacing)*4))] @w-sm\/main:[--thread-content-margin:var(--thread-content-margin-sm,calc(var(--spacing)*6))] @w-lg\/main:[--thread-content-margin:var(--thread-content-margin-lg,calc(var(--spacing)*16))] px-(--thread-content-margin)\">\n<div class=\"[--thread-content-max-width:40rem] @w-lg\/main:[--thread-content-max-width:48rem] mx-auto max-w-(--thread-content-max-width) flex-1 group\/turn-messages focus-visible:outline-hidden relative flex w-full min-w-0 flex-col agent-turn\">\n<div class=\"flex max-w-full flex-col gap-4 grow\">\n<div class=\"min-h-8 text-message relative flex w-full flex-col items-end gap-2 text-start break-words whitespace-normal outline-none keyboard-focused:focus-ring [.text-message+&amp;]:mt-1\" dir=\"auto\" tabindex=\"0\" data-message-author-role=\"assistant\" data-message-id=\"a6465638-482d-4030-8498-d34162b80802\" data-message-model-slug=\"gpt-5-3\" data-turn-start-message=\"true\">\n<div class=\"flex w-full flex-col gap-1 empty:hidden\">\n<div class=\"markdown prose dark:prose-invert w-full wrap-break-word light markdown-new-styling\">\n<h1 style=\"text-align: center;\" data-start=\"0\" data-end=\"51\"><strong data-start=\"0\" data-end=\"51\">CHI TI\u1ebeT S\u1ea2N PH\u1ea8M<br \/>\nPH\u00ca LATTE (H\u1ea1t Colom, Ethi)<\/strong><\/h1>\n<p data-start=\"53\" data-end=\"378\">Ph\u00ea Latte (h\u1ea1t Colombia &amp; Ethiopia) l\u00e0 s\u1ef1 k\u1ebft h\u1ee3p tinh t\u1ebf gi\u1eefa c\u00e0 ph\u00ea \u0111\u1eb7c s\u1ea3n v\u00e0 s\u1eefa t\u01b0\u01a1i thanh tr\u00f9ng, mang \u0111\u1ebfn m\u1ed9t tr\u1ea3i nghi\u1ec7m nh\u1eb9 nh\u00e0ng nh\u01b0ng v\u1eabn \u0111\u1ea7y chi\u1ec1u s\u00e2u. Ngay t\u1eeb ng\u1ee5m \u0111\u1ea7u ti\u00ean, b\u1ea1n s\u1ebd c\u1ea3m nh\u1eadn \u0111\u01b0\u1ee3c n\u1ed1t h\u01b0\u01a1ng tr\u00e1i c\u00e2y n\u1ed5i b\u1eadt nh\u01b0 <strong data-start=\"291\" data-end=\"306\">peach (\u0111\u00e0o)<\/strong> v\u00e0 <strong data-start=\"310\" data-end=\"326\">orange (cam)<\/strong>, t\u1ea1o n\u00ean c\u1ea3m gi\u00e1c t\u01b0\u01a1i m\u1edbi, thanh tho\u00e1t v\u00e0 d\u1ec5 ch\u1ecbu.<\/p>\n<p data-start=\"380\" data-end=\"712\">Ph\u1ea7n th\u00e2n c\u00e0 ph\u00ea (<strong data-start=\"398\" data-end=\"412\">juicy body<\/strong>) k\u1ebft h\u1ee3p c\u00f9ng l\u1edbp s\u1eefa m\u1ecbn gi\u00fap t\u1ed5ng th\u1ec3 tr\u1edf n\u00ean m\u1ec1m m\u1ea1i, c\u00e2n b\u1eb1ng v\u00e0 d\u1ec5 u\u1ed1ng h\u01a1n so v\u1edbi espresso nguy\u00ean ch\u1ea5t. S\u1ef1 h\u00f2a quy\u1ec7n gi\u1eefa v\u1ecb chua thanh \u0111\u1eb7c tr\u01b0ng c\u1ee7a Ethiopia v\u00e0 v\u1ecb ng\u1ecdt d\u1ecbu t\u1eeb Colombia t\u1ea1o n\u00ean m\u1ed9t n\u1ec1n h\u01b0\u01a1ng h\u00e0i h\u00f2a, ph\u00f9 h\u1ee3p v\u1edbi nhi\u1ec1u kh\u1ea9u v\u1ecb, k\u1ec3 c\u1ea3 nh\u1eefng ng\u01b0\u1eddi m\u1edbi b\u1eaft \u0111\u1ea7u th\u01b0\u1edfng th\u1ee9c c\u00e0 ph\u00ea.<\/p>\n<p data-start=\"714\" data-end=\"1026\">H\u1eadu v\u1ecb (<strong data-start=\"722\" data-end=\"742\">sweet aftertaste<\/strong>) k\u00e9o d\u00e0i v\u1edbi ch\u00fat \u0111\u1eafng nh\u1eb9 c\u1ee7a chocolate mang l\u1ea1i c\u1ea3m gi\u00e1c \u00eam d\u1ecbu v\u00e0 l\u01b0u luy\u1ebfn sau m\u1ed7i ng\u1ee5m. Khi u\u1ed1ng n\u00f3ng, h\u01b0\u01a1ng th\u01a1m c\u00e0 ph\u00ea lan t\u1ecfa r\u00f5 r\u1ec7t, \u1ea5m \u00e1p v\u00e0 th\u01b0 gi\u00e3n. Khi d\u00f9ng l\u1ea1nh, th\u1ee9c u\u1ed1ng tr\u1edf n\u00ean t\u01b0\u01a1i m\u00e1t, s\u1ea3ng kho\u00e1i, r\u1ea5t ph\u00f9 h\u1ee3p cho nh\u1eefng ng\u00e0y n\u00f3ng ho\u1eb7c khi c\u1ea7n m\u1ed9t ly c\u00e0 ph\u00ea d\u1ec5 u\u1ed1ng.<\/p>\n<p data-start=\"1028\" data-end=\"1290\" data-is-last-node=\"\" data-is-only-node=\"\">Ph\u00ea Latte (Colom, Ethi) l\u00e0 l\u1ef1a ch\u1ecdn l\u00fd t\u01b0\u1edfng cho nh\u1eefng ai y\u00eau th\u00edch s\u1ef1 c\u00e2n b\u1eb1ng gi\u1eefa c\u00e0 ph\u00ea v\u00e0 s\u1eefa, v\u1eeba \u0111\u1ee7 \u0111\u1eadm nh\u01b0ng kh\u00f4ng qu\u00e1 g\u1eaft. Ph\u00f9 h\u1ee3p \u0111\u1ec3 th\u01b0\u1edfng th\u1ee9c v\u00e0o bu\u1ed5i s\u00e1ng nh\u1eb9 nh\u00e0ng ho\u1eb7c bu\u1ed5i chi\u1ec1u th\u01b0 gi\u00e3n, mang l\u1ea1i c\u1ea3m gi\u00e1c tho\u1ea3i m\u00e1i v\u00e0 \u0111\u1ea7y c\u1ea3m h\u1ee9ng su\u1ed1t c\u1ea3 ng\u00e0y.<\/p>\n<\/div>\n<\/div>\n<\/div>\n<\/div>\n<div class=\"z-0 flex min-h-[46px] justify-start\"><\/div>\n<div class=\"mt-3 w-full empty:hidden\">\n<div class=\"text-center\"><\/div>\n<\/div>\n<\/div>\n<\/div>\n<\/section>\n<\/div>\n<div class=\"pointer-events-none h-px w-px absolute bottom-0\" aria-hidden=\"true\" data-edge=\"true\"><\/div>\n","protected":false},"excerpt":{"rendered":"<p>CHI TI\u1ebeT S\u1ea2N PH\u1ea8M PH\u00ca LATTE (H\u1ea1t Colom, Ethi) Ph\u00ea Latte (h\u1ea1t Colombia &amp; Ethiopia) l\u00e0 s\u1ef1 k\u1ebft h\u1ee3p tinh t\u1ebf gi\u1eefa c\u00e0 ph\u00ea \u0111\u1eb7c s\u1ea3n v\u00e0 s\u1eefa t\u01b0\u01a1i thanh tr\u00f9ng, mang \u0111\u1ebfn m\u1ed9t tr\u1ea3i nghi\u1ec7m nh\u1eb9 nh\u00e0ng nh\u01b0ng v\u1eabn \u0111\u1ea7y chi\u1ec1u s\u00e2u. Ngay t\u1eeb ng\u1ee5m \u0111\u1ea7u ti\u00ean, b\u1ea1n s\u1ebd c\u1ea3m nh\u1eadn \u0111\u01b0\u1ee3c n\u1ed1t h\u01b0\u01a1ng [&#8230;]\n","protected":false},"featured_media":146,"comment_status":"open","ping_status":"closed","template":"","meta":[],"product_brand":[],"product_cat":[21],"product_tag":[25,24],"class_list":{"0":"post-145","1":"product","2":"type-product","3":"status-publish","4":"has-post-thumbnail","6":"product_cat-ca-phe","7":"product_tag-ethi","8":"product_tag-phe-latte-hat-colom","10":"first","11":"instock","12":"shipping-taxable","13":"purchasable","14":"product-type-variable"},"yoast_head":"<!-- This site is optimized with the Yoast SEO plugin v27.3 - https:\/\/yoast.com\/product\/yoast-seo-wordpress\/ -->\n<title>PH\u00ca LATTE (H\u1ea1t Colom, Ethi) - Trang s\u1ee9c b\u1ea1c<\/title>\n<meta name=\"robots\" content=\"index, follow, max-snippet:-1, max-image-preview:large, max-video-preview:-1\" \/>\n<link rel=\"canonical\" href=\"https:\/\/jewelry.azdigi.shop\/index.php\/san-pham\/phe-latte-hat-colom-ethi\/\" \/>\n<meta property=\"og:locale\" content=\"vi_VN\" \/>\n<meta property=\"og:type\" content=\"article\" \/>\n<meta property=\"og:title\" content=\"PH\u00ca LATTE (H\u1ea1t Colom, Ethi) - Trang s\u1ee9c b\u1ea1c\" \/>\n<meta property=\"og:description\" content=\"CHI TI\u1ebeT S\u1ea2N PH\u1ea8M PH\u00ca LATTE (H\u1ea1t Colom, Ethi) Ph\u00ea Latte (h\u1ea1t Colombia &amp; Ethiopia) l\u00e0 s\u1ef1 k\u1ebft h\u1ee3p tinh t\u1ebf gi\u1eefa c\u00e0 ph\u00ea \u0111\u1eb7c s\u1ea3n v\u00e0 s\u1eefa t\u01b0\u01a1i thanh tr\u00f9ng, mang \u0111\u1ebfn m\u1ed9t tr\u1ea3i nghi\u1ec7m nh\u1eb9 nh\u00e0ng nh\u01b0ng v\u1eabn \u0111\u1ea7y chi\u1ec1u s\u00e2u. Ngay t\u1eeb ng\u1ee5m \u0111\u1ea7u ti\u00ean, b\u1ea1n s\u1ebd c\u1ea3m nh\u1eadn \u0111\u01b0\u1ee3c n\u1ed1t h\u01b0\u01a1ng [...]\" \/>\n<meta property=\"og:url\" content=\"https:\/\/jewelry.azdigi.shop\/index.php\/san-pham\/phe-latte-hat-colom-ethi\/\" \/>\n<meta property=\"og:site_name\" content=\"Trang s\u1ee9c b\u1ea1c\" \/>\n<meta property=\"og:image\" content=\"https:\/\/jewelry.azdigi.shop\/wp-content\/uploads\/2026\/04\/8.-Phe-Cappu-hat-Colom-Ethi-Da-scaled-1.jpg\" \/>\n\t<meta property=\"og:image:width\" content=\"2560\" \/>\n\t<meta property=\"og:image:height\" content=\"2560\" \/>\n\t<meta property=\"og:image:type\" content=\"image\/jpeg\" \/>\n<meta name=\"twitter:card\" content=\"summary_large_image\" \/>\n<meta name=\"twitter:label1\" content=\"\u01af\u1edbc t\u00ednh th\u1eddi gian \u0111\u1ecdc\" \/>\n\t<meta name=\"twitter:data1\" content=\"2 ph\u00fat\" \/>\n<script type=\"application\/ld+json\" class=\"yoast-schema-graph\">{\"@context\":\"https:\\\/\\\/schema.org\",\"@graph\":[{\"@type\":\"WebPage\",\"@id\":\"https:\\\/\\\/jewelry.azdigi.shop\\\/index.php\\\/san-pham\\\/phe-latte-hat-colom-ethi\\\/\",\"url\":\"https:\\\/\\\/jewelry.azdigi.shop\\\/index.php\\\/san-pham\\\/phe-latte-hat-colom-ethi\\\/\",\"name\":\"PH\u00ca LATTE (H\u1ea1t Colom, Ethi) - Trang s\u1ee9c b\u1ea1c\",\"isPartOf\":{\"@id\":\"https:\\\/\\\/jewelry.azdigi.shop\\\/#website\"},\"primaryImageOfPage\":{\"@id\":\"https:\\\/\\\/jewelry.azdigi.shop\\\/index.php\\\/san-pham\\\/phe-latte-hat-colom-ethi\\\/#primaryimage\"},\"image\":{\"@id\":\"https:\\\/\\\/jewelry.azdigi.shop\\\/index.php\\\/san-pham\\\/phe-latte-hat-colom-ethi\\\/#primaryimage\"},\"thumbnailUrl\":\"https:\\\/\\\/jewelry.azdigi.shop\\\/wp-content\\\/uploads\\\/2026\\\/04\\\/8.-Phe-Cappu-hat-Colom-Ethi-Da-scaled-1.jpg\",\"datePublished\":\"2026-04-06T19:39:27+00:00\",\"breadcrumb\":{\"@id\":\"https:\\\/\\\/jewelry.azdigi.shop\\\/index.php\\\/san-pham\\\/phe-latte-hat-colom-ethi\\\/#breadcrumb\"},\"inLanguage\":\"vi\",\"potentialAction\":[{\"@type\":\"ReadAction\",\"target\":[\"https:\\\/\\\/jewelry.azdigi.shop\\\/index.php\\\/san-pham\\\/phe-latte-hat-colom-ethi\\\/\"]}]},{\"@type\":\"ImageObject\",\"inLanguage\":\"vi\",\"@id\":\"https:\\\/\\\/jewelry.azdigi.shop\\\/index.php\\\/san-pham\\\/phe-latte-hat-colom-ethi\\\/#primaryimage\",\"url\":\"https:\\\/\\\/jewelry.azdigi.shop\\\/wp-content\\\/uploads\\\/2026\\\/04\\\/8.-Phe-Cappu-hat-Colom-Ethi-Da-scaled-1.jpg\",\"contentUrl\":\"https:\\\/\\\/jewelry.azdigi.shop\\\/wp-content\\\/uploads\\\/2026\\\/04\\\/8.-Phe-Cappu-hat-Colom-Ethi-Da-scaled-1.jpg\",\"width\":2560,\"height\":2560},{\"@type\":\"BreadcrumbList\",\"@id\":\"https:\\\/\\\/jewelry.azdigi.shop\\\/index.php\\\/san-pham\\\/phe-latte-hat-colom-ethi\\\/#breadcrumb\",\"itemListElement\":[{\"@type\":\"ListItem\",\"position\":1,\"name\":\"Trang ch\u1ee7\",\"item\":\"https:\\\/\\\/jewelry.azdigi.shop\\\/\"},{\"@type\":\"ListItem\",\"position\":2,\"name\":\"C\u1eeda h\u00e0ng\",\"item\":\"https:\\\/\\\/jewelry.azdigi.shop\\\/index.php\\\/cua-hang\\\/\"},{\"@type\":\"ListItem\",\"position\":3,\"name\":\"PH\u00ca LATTE (H\u1ea1t Colom, Ethi)\"}]},{\"@type\":\"WebSite\",\"@id\":\"https:\\\/\\\/jewelry.azdigi.shop\\\/#website\",\"url\":\"https:\\\/\\\/jewelry.azdigi.shop\\\/\",\"name\":\"Trang s\u1ee9c b\u1ea1c\",\"description\":\"\",\"potentialAction\":[{\"@type\":\"SearchAction\",\"target\":{\"@type\":\"EntryPoint\",\"urlTemplate\":\"https:\\\/\\\/jewelry.azdigi.shop\\\/?s={search_term_string}\"},\"query-input\":{\"@type\":\"PropertyValueSpecification\",\"valueRequired\":true,\"valueName\":\"search_term_string\"}}],\"inLanguage\":\"vi\"}]}<\/script>\n<!-- \/ Yoast SEO plugin. -->","yoast_head_json":{"title":"PH\u00ca LATTE (H\u1ea1t Colom, Ethi) - Trang s\u1ee9c b\u1ea1c","robots":{"index":"index","follow":"follow","max-snippet":"max-snippet:-1","max-image-preview":"max-image-preview:large","max-video-preview":"max-video-preview:-1"},"canonical":"https:\/\/jewelry.azdigi.shop\/index.php\/san-pham\/phe-latte-hat-colom-ethi\/","og_locale":"vi_VN","og_type":"article","og_title":"PH\u00ca LATTE (H\u1ea1t Colom, Ethi) - Trang s\u1ee9c b\u1ea1c","og_description":"CHI TI\u1ebeT S\u1ea2N PH\u1ea8M PH\u00ca LATTE (H\u1ea1t Colom, Ethi) Ph\u00ea Latte (h\u1ea1t Colombia &amp; Ethiopia) l\u00e0 s\u1ef1 k\u1ebft h\u1ee3p tinh t\u1ebf gi\u1eefa c\u00e0 ph\u00ea \u0111\u1eb7c s\u1ea3n v\u00e0 s\u1eefa t\u01b0\u01a1i thanh tr\u00f9ng, mang \u0111\u1ebfn m\u1ed9t tr\u1ea3i nghi\u1ec7m nh\u1eb9 nh\u00e0ng nh\u01b0ng v\u1eabn \u0111\u1ea7y chi\u1ec1u s\u00e2u. Ngay t\u1eeb ng\u1ee5m \u0111\u1ea7u ti\u00ean, b\u1ea1n s\u1ebd c\u1ea3m nh\u1eadn \u0111\u01b0\u1ee3c n\u1ed1t h\u01b0\u01a1ng [...]","og_url":"https:\/\/jewelry.azdigi.shop\/index.php\/san-pham\/phe-latte-hat-colom-ethi\/","og_site_name":"Trang s\u1ee9c b\u1ea1c","og_image":[{"width":2560,"height":2560,"url":"https:\/\/jewelry.azdigi.shop\/wp-content\/uploads\/2026\/04\/8.-Phe-Cappu-hat-Colom-Ethi-Da-scaled-1.jpg","type":"image\/jpeg"}],"twitter_card":"summary_large_image","twitter_misc":{"\u01af\u1edbc t\u00ednh th\u1eddi gian \u0111\u1ecdc":"2 ph\u00fat"},"schema":{"@context":"https:\/\/schema.org","@graph":[{"@type":"WebPage","@id":"https:\/\/jewelry.azdigi.shop\/index.php\/san-pham\/phe-latte-hat-colom-ethi\/","url":"https:\/\/jewelry.azdigi.shop\/index.php\/san-pham\/phe-latte-hat-colom-ethi\/","name":"PH\u00ca LATTE (H\u1ea1t Colom, Ethi) - Trang s\u1ee9c b\u1ea1c","isPartOf":{"@id":"https:\/\/jewelry.azdigi.shop\/#website"},"primaryImageOfPage":{"@id":"https:\/\/jewelry.azdigi.shop\/index.php\/san-pham\/phe-latte-hat-colom-ethi\/#primaryimage"},"image":{"@id":"https:\/\/jewelry.azdigi.shop\/index.php\/san-pham\/phe-latte-hat-colom-ethi\/#primaryimage"},"thumbnailUrl":"https:\/\/jewelry.azdigi.shop\/wp-content\/uploads\/2026\/04\/8.-Phe-Cappu-hat-Colom-Ethi-Da-scaled-1.jpg","datePublished":"2026-04-06T19:39:27+00:00","breadcrumb":{"@id":"https:\/\/jewelry.azdigi.shop\/index.php\/san-pham\/phe-latte-hat-colom-ethi\/#breadcrumb"},"inLanguage":"vi","potentialAction":[{"@type":"ReadAction","target":["https:\/\/jewelry.azdigi.shop\/index.php\/san-pham\/phe-latte-hat-colom-ethi\/"]}]},{"@type":"ImageObject","inLanguage":"vi","@id":"https:\/\/jewelry.azdigi.shop\/index.php\/san-pham\/phe-latte-hat-colom-ethi\/#primaryimage","url":"https:\/\/jewelry.azdigi.shop\/wp-content\/uploads\/2026\/04\/8.-Phe-Cappu-hat-Colom-Ethi-Da-scaled-1.jpg","contentUrl":"https:\/\/jewelry.azdigi.shop\/wp-content\/uploads\/2026\/04\/8.-Phe-Cappu-hat-Colom-Ethi-Da-scaled-1.jpg","width":2560,"height":2560},{"@type":"BreadcrumbList","@id":"https:\/\/jewelry.azdigi.shop\/index.php\/san-pham\/phe-latte-hat-colom-ethi\/#breadcrumb","itemListElement":[{"@type":"ListItem","position":1,"name":"Trang ch\u1ee7","item":"https:\/\/jewelry.azdigi.shop\/"},{"@type":"ListItem","position":2,"name":"C\u1eeda h\u00e0ng","item":"https:\/\/jewelry.azdigi.shop\/index.php\/cua-hang\/"},{"@type":"ListItem","position":3,"name":"PH\u00ca LATTE (H\u1ea1t Colom, Ethi)"}]},{"@type":"WebSite","@id":"https:\/\/jewelry.azdigi.shop\/#website","url":"https:\/\/jewelry.azdigi.shop\/","name":"Trang s\u1ee9c b\u1ea1c","description":"","potentialAction":[{"@type":"SearchAction","target":{"@type":"EntryPoint","urlTemplate":"https:\/\/jewelry.azdigi.shop\/?s={search_term_string}"},"query-input":{"@type":"PropertyValueSpecification","valueRequired":true,"valueName":"search_term_string"}}],"inLanguage":"vi"}]}},"_links":{"self":[{"href":"https:\/\/jewelry.azdigi.shop\/index.php\/wp-json\/wp\/v2\/product\/145","targetHints":{"allow":["GET"]}}],"collection":[{"href":"https:\/\/jewelry.azdigi.shop\/index.php\/wp-json\/wp\/v2\/product"}],"about":[{"href":"https:\/\/jewelry.azdigi.shop\/index.php\/wp-json\/wp\/v2\/types\/product"}],"replies":[{"embeddable":true,"href":"https:\/\/jewelry.azdigi.shop\/index.php\/wp-json\/wp\/v2\/comments?post=145"}],"wp:featuredmedia":[{"embeddable":true,"href":"https:\/\/jewelry.azdigi.shop\/index.php\/wp-json\/wp\/v2\/media\/146"}],"wp:attachment":[{"href":"https:\/\/jewelry.azdigi.shop\/index.php\/wp-json\/wp\/v2\/media?parent=145"}],"wp:term":[{"taxonomy":"product_brand","embeddable":true,"href":"https:\/\/jewelry.azdigi.shop\/index.php\/wp-json\/wp\/v2\/product_brand?post=145"},{"taxonomy":"product_cat","embeddable":true,"href":"https:\/\/jewelry.azdigi.shop\/index.php\/wp-json\/wp\/v2\/product_cat?post=145"},{"taxonomy":"product_tag","embeddable":true,"href":"https:\/\/jewelry.azdigi.shop\/index.php\/wp-json\/wp\/v2\/product_tag?post=145"}],"curies":[{"name":"wp","href":"https:\/\/api.w.org\/{rel}","templated":true}]}}