{"id":155,"date":"2026-04-06T19:47:54","date_gmt":"2026-04-06T19:47:54","guid":{"rendered":"https:\/\/congchatrasua.azdigi.shop\/?post_type=product&#038;p=155"},"modified":"2026-04-06T19:48:34","modified_gmt":"2026-04-06T19:48:34","slug":"phe-latte-hat-ro-ara","status":"publish","type":"product","link":"https:\/\/jewelry.azdigi.shop\/index.php\/san-pham\/phe-latte-hat-ro-ara\/","title":{"rendered":"PH\u00ca LATTE (H\u1ea1t Ro, Ara)"},"content":{"rendered":"<h1 style=\"text-align: center;\" data-start=\"0\" data-end=\"47\">CHI TI\u1ebeT S\u1ea2N PH\u1ea8M<\/h1>\n<p data-start=\"0\" data-end=\"47\"><strong data-start=\"0\" data-end=\"47\"> PH\u00ca LATTE (H\u1ea1t Ro, Ara)<\/strong><\/p>\n<p data-start=\"49\" data-end=\"364\">Ph\u00ea Latte (h\u1ea1t Robusta &amp; Arabica) l\u00e0 s\u1ef1 k\u1ebft h\u1ee3p h\u00e0i h\u00f2a gi\u1eefa c\u00e0 ph\u00ea \u0111\u1eadm v\u1ecb v\u00e0 s\u1eefa t\u01b0\u01a1i thanh tr\u00f9ng, mang \u0111\u1ebfn m\u1ed9t th\u1ee9c u\u1ed1ng v\u1eeba m\u1ea1nh m\u1ebd v\u1eeba d\u1ec5 th\u01b0\u1edfng th\u1ee9c. Ngay t\u1eeb ng\u1ee5m \u0111\u1ea7u ti\u00ean, b\u1ea1n s\u1ebd c\u1ea3m nh\u1eadn r\u00f5 n\u1ed1t h\u01b0\u01a1ng <strong data-start=\"256\" data-end=\"274\">dark chocolate<\/strong> \u0111\u1eb7c tr\u01b0ng, \u0111\u1eadm \u0111\u00e0 nh\u01b0ng kh\u00f4ng qu\u00e1 g\u1eaft, t\u1ea1o n\u00ean n\u1ec1n h\u01b0\u01a1ng v\u1eefng ch\u1eafc cho to\u00e0n b\u1ed9 ly c\u00e0 ph\u00ea.<\/p>\n<p data-start=\"366\" data-end=\"752\">Ti\u1ebfp n\u1ed1i l\u00e0 h\u01b0\u01a1ng <strong data-start=\"384\" data-end=\"420\">h\u1ea1t \u00f3c ch\u00f3 rang (roasted walnut)<\/strong> thoang tho\u1ea3ng, mang l\u1ea1i c\u1ea3m gi\u00e1c \u1ea5m \u00e1p v\u00e0 chi\u1ec1u s\u00e2u trong h\u01b0\u01a1ng v\u1ecb. Ph\u1ea7n th\u00e2n c\u00e0 ph\u00ea (<strong data-start=\"507\" data-end=\"522\">strong body<\/strong>) \u0111\u01b0\u1ee3c c\u00e2n b\u1eb1ng nh\u1edd l\u1edbp s\u1eefa m\u1ecbn, gi\u00fap t\u1ed5ng th\u1ec3 tr\u1edf n\u00ean m\u1ec1m m\u1ea1i h\u01a1n, d\u1ec5 u\u1ed1ng h\u01a1n nh\u01b0ng v\u1eabn gi\u1eef \u0111\u01b0\u1ee3c \u0111\u1ed9 \u0111\u1eadm c\u1ea7n thi\u1ebft. S\u1ef1 k\u1ebft h\u1ee3p gi\u1eefa Robusta m\u1ea1nh m\u1ebd v\u00e0 Arabica thanh tho\u00e1t t\u1ea1o n\u00ean m\u1ed9t ly latte tr\u00f2n v\u1ecb, ph\u00f9 h\u1ee3p v\u1edbi nhi\u1ec1u \u0111\u1ed1i t\u01b0\u1ee3ng.<\/p>\n<p data-start=\"754\" data-end=\"1080\">H\u1eadu v\u1ecb (<strong data-start=\"762\" data-end=\"781\">long aftertaste<\/strong>) k\u00e9o d\u00e0i v\u1edbi ch\u00fat \u0111\u1eafng nh\u1eb9 c\u1ee7a chocolate, h\u00f2a quy\u1ec7n c\u00f9ng v\u1ecb b\u00e9o nh\u1eb9 c\u1ee7a s\u1eefa, mang l\u1ea1i c\u1ea3m gi\u00e1c \u00eam d\u1ecbu v\u00e0 l\u01b0u luy\u1ebfn. Khi d\u00f9ng n\u00f3ng, h\u01b0\u01a1ng c\u00e0 ph\u00ea tr\u1edf n\u00ean r\u00f5 n\u00e9t v\u00e0 \u1ea5m \u00e1p, r\u1ea5t th\u00edch h\u1ee3p cho bu\u1ed5i s\u00e1ng ho\u1eb7c kh\u00f4ng gian th\u01b0 gi\u00e3n. Khi d\u00f9ng l\u1ea1nh, th\u1ee9c u\u1ed1ng mang l\u1ea1i c\u1ea3m gi\u00e1c s\u1ea3ng kho\u00e1i, m\u00e1t l\u1ea1nh v\u00e0 d\u1ec5 ch\u1ecbu.<\/p>\n<p data-start=\"1082\" data-end=\"1231\" data-is-last-node=\"\" data-is-only-node=\"\">Ph\u00ea Latte (Ro, Ara) l\u00e0 l\u1ef1a ch\u1ecdn l\u00fd t\u01b0\u1edfng cho nh\u1eefng ai y\u00eau th\u00edch c\u00e0 ph\u00ea \u0111\u1eadm nh\u01b0ng v\u1eabn mu\u1ed1n c\u00f3 s\u1ef1 c\u00e2n b\u1eb1ng v\u00e0 d\u1ec5 u\u1ed1ng, ph\u00f9 h\u1ee3p \u0111\u1ec3 th\u01b0\u1edfng th\u1ee9c m\u1ed7i ng\u00e0y.<\/p>\n","protected":false},"excerpt":{"rendered":"<p>CHI TI\u1ebeT S\u1ea2N PH\u1ea8M PH\u00ca LATTE (H\u1ea1t Ro, Ara) Ph\u00ea Latte (h\u1ea1t Robusta &amp; Arabica) l\u00e0 s\u1ef1 k\u1ebft h\u1ee3p h\u00e0i h\u00f2a gi\u1eefa c\u00e0 ph\u00ea \u0111\u1eadm v\u1ecb v\u00e0 s\u1eefa t\u01b0\u01a1i thanh tr\u00f9ng, mang \u0111\u1ebfn m\u1ed9t th\u1ee9c u\u1ed1ng v\u1eeba m\u1ea1nh m\u1ebd v\u1eeba d\u1ec5 th\u01b0\u1edfng th\u1ee9c. Ngay t\u1eeb ng\u1ee5m \u0111\u1ea7u ti\u00ean, b\u1ea1n s\u1ebd c\u1ea3m nh\u1eadn r\u00f5 n\u1ed1t h\u01b0\u01a1ng [&#8230;]\n","protected":false},"featured_media":146,"comment_status":"open","ping_status":"closed","template":"","meta":[],"product_brand":[],"product_cat":[21],"product_tag":[27,26],"class_list":{"0":"post-155","1":"product","2":"type-product","3":"status-publish","4":"has-post-thumbnail","6":"product_cat-ca-phe","7":"product_tag-ara","8":"product_tag-phe-latte-hat-ro","10":"first","11":"instock","12":"shipping-taxable","13":"purchasable","14":"product-type-variable"},"yoast_head":"<!-- This site is optimized with the Yoast SEO plugin v27.3 - https:\/\/yoast.com\/product\/yoast-seo-wordpress\/ -->\n<title>PH\u00ca LATTE (H\u1ea1t Ro, Ara) - Trang s\u1ee9c b\u1ea1c<\/title>\n<meta name=\"robots\" content=\"index, follow, max-snippet:-1, max-image-preview:large, max-video-preview:-1\" \/>\n<link rel=\"canonical\" href=\"https:\/\/jewelry.azdigi.shop\/index.php\/san-pham\/phe-latte-hat-ro-ara\/\" \/>\n<meta property=\"og:locale\" content=\"vi_VN\" \/>\n<meta property=\"og:type\" content=\"article\" \/>\n<meta property=\"og:title\" content=\"PH\u00ca LATTE (H\u1ea1t Ro, Ara) - Trang s\u1ee9c b\u1ea1c\" \/>\n<meta property=\"og:description\" content=\"CHI TI\u1ebeT S\u1ea2N PH\u1ea8M PH\u00ca LATTE (H\u1ea1t Ro, Ara) Ph\u00ea Latte (h\u1ea1t Robusta &amp; Arabica) l\u00e0 s\u1ef1 k\u1ebft h\u1ee3p h\u00e0i h\u00f2a gi\u1eefa c\u00e0 ph\u00ea \u0111\u1eadm v\u1ecb v\u00e0 s\u1eefa t\u01b0\u01a1i thanh tr\u00f9ng, mang \u0111\u1ebfn m\u1ed9t th\u1ee9c u\u1ed1ng v\u1eeba m\u1ea1nh m\u1ebd v\u1eeba d\u1ec5 th\u01b0\u1edfng th\u1ee9c. Ngay t\u1eeb ng\u1ee5m \u0111\u1ea7u ti\u00ean, b\u1ea1n s\u1ebd c\u1ea3m nh\u1eadn r\u00f5 n\u1ed1t h\u01b0\u01a1ng [...]\" \/>\n<meta property=\"og:url\" content=\"https:\/\/jewelry.azdigi.shop\/index.php\/san-pham\/phe-latte-hat-ro-ara\/\" \/>\n<meta property=\"og:site_name\" content=\"Trang s\u1ee9c b\u1ea1c\" \/>\n<meta property=\"article:modified_time\" content=\"2026-04-06T19:48:34+00:00\" \/>\n<meta property=\"og:image\" content=\"https:\/\/jewelry.azdigi.shop\/wp-content\/uploads\/2026\/04\/8.-Phe-Cappu-hat-Colom-Ethi-Da-scaled-1.jpg\" \/>\n\t<meta property=\"og:image:width\" content=\"2560\" \/>\n\t<meta property=\"og:image:height\" content=\"2560\" \/>\n\t<meta property=\"og:image:type\" content=\"image\/jpeg\" \/>\n<meta name=\"twitter:card\" content=\"summary_large_image\" \/>\n<meta name=\"twitter:label1\" content=\"\u01af\u1edbc t\u00ednh th\u1eddi gian \u0111\u1ecdc\" \/>\n\t<meta name=\"twitter:data1\" content=\"2 ph\u00fat\" \/>\n<script type=\"application\/ld+json\" class=\"yoast-schema-graph\">{\"@context\":\"https:\\\/\\\/schema.org\",\"@graph\":[{\"@type\":\"WebPage\",\"@id\":\"https:\\\/\\\/jewelry.azdigi.shop\\\/index.php\\\/san-pham\\\/phe-latte-hat-ro-ara\\\/\",\"url\":\"https:\\\/\\\/jewelry.azdigi.shop\\\/index.php\\\/san-pham\\\/phe-latte-hat-ro-ara\\\/\",\"name\":\"PH\u00ca LATTE (H\u1ea1t Ro, Ara) - Trang s\u1ee9c b\u1ea1c\",\"isPartOf\":{\"@id\":\"https:\\\/\\\/jewelry.azdigi.shop\\\/#website\"},\"primaryImageOfPage\":{\"@id\":\"https:\\\/\\\/jewelry.azdigi.shop\\\/index.php\\\/san-pham\\\/phe-latte-hat-ro-ara\\\/#primaryimage\"},\"image\":{\"@id\":\"https:\\\/\\\/jewelry.azdigi.shop\\\/index.php\\\/san-pham\\\/phe-latte-hat-ro-ara\\\/#primaryimage\"},\"thumbnailUrl\":\"https:\\\/\\\/jewelry.azdigi.shop\\\/wp-content\\\/uploads\\\/2026\\\/04\\\/8.-Phe-Cappu-hat-Colom-Ethi-Da-scaled-1.jpg\",\"datePublished\":\"2026-04-06T19:47:54+00:00\",\"dateModified\":\"2026-04-06T19:48:34+00:00\",\"breadcrumb\":{\"@id\":\"https:\\\/\\\/jewelry.azdigi.shop\\\/index.php\\\/san-pham\\\/phe-latte-hat-ro-ara\\\/#breadcrumb\"},\"inLanguage\":\"vi\",\"potentialAction\":[{\"@type\":\"ReadAction\",\"target\":[\"https:\\\/\\\/jewelry.azdigi.shop\\\/index.php\\\/san-pham\\\/phe-latte-hat-ro-ara\\\/\"]}]},{\"@type\":\"ImageObject\",\"inLanguage\":\"vi\",\"@id\":\"https:\\\/\\\/jewelry.azdigi.shop\\\/index.php\\\/san-pham\\\/phe-latte-hat-ro-ara\\\/#primaryimage\",\"url\":\"https:\\\/\\\/jewelry.azdigi.shop\\\/wp-content\\\/uploads\\\/2026\\\/04\\\/8.-Phe-Cappu-hat-Colom-Ethi-Da-scaled-1.jpg\",\"contentUrl\":\"https:\\\/\\\/jewelry.azdigi.shop\\\/wp-content\\\/uploads\\\/2026\\\/04\\\/8.-Phe-Cappu-hat-Colom-Ethi-Da-scaled-1.jpg\",\"width\":2560,\"height\":2560},{\"@type\":\"BreadcrumbList\",\"@id\":\"https:\\\/\\\/jewelry.azdigi.shop\\\/index.php\\\/san-pham\\\/phe-latte-hat-ro-ara\\\/#breadcrumb\",\"itemListElement\":[{\"@type\":\"ListItem\",\"position\":1,\"name\":\"Trang ch\u1ee7\",\"item\":\"https:\\\/\\\/jewelry.azdigi.shop\\\/\"},{\"@type\":\"ListItem\",\"position\":2,\"name\":\"C\u1eeda h\u00e0ng\",\"item\":\"https:\\\/\\\/jewelry.azdigi.shop\\\/index.php\\\/cua-hang\\\/\"},{\"@type\":\"ListItem\",\"position\":3,\"name\":\"PH\u00ca LATTE (H\u1ea1t Ro, Ara)\"}]},{\"@type\":\"WebSite\",\"@id\":\"https:\\\/\\\/jewelry.azdigi.shop\\\/#website\",\"url\":\"https:\\\/\\\/jewelry.azdigi.shop\\\/\",\"name\":\"Trang s\u1ee9c b\u1ea1c\",\"description\":\"\",\"potentialAction\":[{\"@type\":\"SearchAction\",\"target\":{\"@type\":\"EntryPoint\",\"urlTemplate\":\"https:\\\/\\\/jewelry.azdigi.shop\\\/?s={search_term_string}\"},\"query-input\":{\"@type\":\"PropertyValueSpecification\",\"valueRequired\":true,\"valueName\":\"search_term_string\"}}],\"inLanguage\":\"vi\"}]}<\/script>\n<!-- \/ Yoast SEO plugin. -->","yoast_head_json":{"title":"PH\u00ca LATTE (H\u1ea1t Ro, Ara) - Trang s\u1ee9c b\u1ea1c","robots":{"index":"index","follow":"follow","max-snippet":"max-snippet:-1","max-image-preview":"max-image-preview:large","max-video-preview":"max-video-preview:-1"},"canonical":"https:\/\/jewelry.azdigi.shop\/index.php\/san-pham\/phe-latte-hat-ro-ara\/","og_locale":"vi_VN","og_type":"article","og_title":"PH\u00ca LATTE (H\u1ea1t Ro, Ara) - Trang s\u1ee9c b\u1ea1c","og_description":"CHI TI\u1ebeT S\u1ea2N PH\u1ea8M PH\u00ca LATTE (H\u1ea1t Ro, Ara) Ph\u00ea Latte (h\u1ea1t Robusta &amp; Arabica) l\u00e0 s\u1ef1 k\u1ebft h\u1ee3p h\u00e0i h\u00f2a gi\u1eefa c\u00e0 ph\u00ea \u0111\u1eadm v\u1ecb v\u00e0 s\u1eefa t\u01b0\u01a1i thanh tr\u00f9ng, mang \u0111\u1ebfn m\u1ed9t th\u1ee9c u\u1ed1ng v\u1eeba m\u1ea1nh m\u1ebd v\u1eeba d\u1ec5 th\u01b0\u1edfng th\u1ee9c. Ngay t\u1eeb ng\u1ee5m \u0111\u1ea7u ti\u00ean, b\u1ea1n s\u1ebd c\u1ea3m nh\u1eadn r\u00f5 n\u1ed1t h\u01b0\u01a1ng [...]","og_url":"https:\/\/jewelry.azdigi.shop\/index.php\/san-pham\/phe-latte-hat-ro-ara\/","og_site_name":"Trang s\u1ee9c b\u1ea1c","article_modified_time":"2026-04-06T19:48:34+00:00","og_image":[{"width":2560,"height":2560,"url":"https:\/\/jewelry.azdigi.shop\/wp-content\/uploads\/2026\/04\/8.-Phe-Cappu-hat-Colom-Ethi-Da-scaled-1.jpg","type":"image\/jpeg"}],"twitter_card":"summary_large_image","twitter_misc":{"\u01af\u1edbc t\u00ednh th\u1eddi gian \u0111\u1ecdc":"2 ph\u00fat"},"schema":{"@context":"https:\/\/schema.org","@graph":[{"@type":"WebPage","@id":"https:\/\/jewelry.azdigi.shop\/index.php\/san-pham\/phe-latte-hat-ro-ara\/","url":"https:\/\/jewelry.azdigi.shop\/index.php\/san-pham\/phe-latte-hat-ro-ara\/","name":"PH\u00ca LATTE (H\u1ea1t Ro, Ara) - Trang s\u1ee9c b\u1ea1c","isPartOf":{"@id":"https:\/\/jewelry.azdigi.shop\/#website"},"primaryImageOfPage":{"@id":"https:\/\/jewelry.azdigi.shop\/index.php\/san-pham\/phe-latte-hat-ro-ara\/#primaryimage"},"image":{"@id":"https:\/\/jewelry.azdigi.shop\/index.php\/san-pham\/phe-latte-hat-ro-ara\/#primaryimage"},"thumbnailUrl":"https:\/\/jewelry.azdigi.shop\/wp-content\/uploads\/2026\/04\/8.-Phe-Cappu-hat-Colom-Ethi-Da-scaled-1.jpg","datePublished":"2026-04-06T19:47:54+00:00","dateModified":"2026-04-06T19:48:34+00:00","breadcrumb":{"@id":"https:\/\/jewelry.azdigi.shop\/index.php\/san-pham\/phe-latte-hat-ro-ara\/#breadcrumb"},"inLanguage":"vi","potentialAction":[{"@type":"ReadAction","target":["https:\/\/jewelry.azdigi.shop\/index.php\/san-pham\/phe-latte-hat-ro-ara\/"]}]},{"@type":"ImageObject","inLanguage":"vi","@id":"https:\/\/jewelry.azdigi.shop\/index.php\/san-pham\/phe-latte-hat-ro-ara\/#primaryimage","url":"https:\/\/jewelry.azdigi.shop\/wp-content\/uploads\/2026\/04\/8.-Phe-Cappu-hat-Colom-Ethi-Da-scaled-1.jpg","contentUrl":"https:\/\/jewelry.azdigi.shop\/wp-content\/uploads\/2026\/04\/8.-Phe-Cappu-hat-Colom-Ethi-Da-scaled-1.jpg","width":2560,"height":2560},{"@type":"BreadcrumbList","@id":"https:\/\/jewelry.azdigi.shop\/index.php\/san-pham\/phe-latte-hat-ro-ara\/#breadcrumb","itemListElement":[{"@type":"ListItem","position":1,"name":"Trang ch\u1ee7","item":"https:\/\/jewelry.azdigi.shop\/"},{"@type":"ListItem","position":2,"name":"C\u1eeda h\u00e0ng","item":"https:\/\/jewelry.azdigi.shop\/index.php\/cua-hang\/"},{"@type":"ListItem","position":3,"name":"PH\u00ca LATTE (H\u1ea1t Ro, Ara)"}]},{"@type":"WebSite","@id":"https:\/\/jewelry.azdigi.shop\/#website","url":"https:\/\/jewelry.azdigi.shop\/","name":"Trang s\u1ee9c b\u1ea1c","description":"","potentialAction":[{"@type":"SearchAction","target":{"@type":"EntryPoint","urlTemplate":"https:\/\/jewelry.azdigi.shop\/?s={search_term_string}"},"query-input":{"@type":"PropertyValueSpecification","valueRequired":true,"valueName":"search_term_string"}}],"inLanguage":"vi"}]}},"_links":{"self":[{"href":"https:\/\/jewelry.azdigi.shop\/index.php\/wp-json\/wp\/v2\/product\/155","targetHints":{"allow":["GET"]}}],"collection":[{"href":"https:\/\/jewelry.azdigi.shop\/index.php\/wp-json\/wp\/v2\/product"}],"about":[{"href":"https:\/\/jewelry.azdigi.shop\/index.php\/wp-json\/wp\/v2\/types\/product"}],"replies":[{"embeddable":true,"href":"https:\/\/jewelry.azdigi.shop\/index.php\/wp-json\/wp\/v2\/comments?post=155"}],"wp:featuredmedia":[{"embeddable":true,"href":"https:\/\/jewelry.azdigi.shop\/index.php\/wp-json\/wp\/v2\/media\/146"}],"wp:attachment":[{"href":"https:\/\/jewelry.azdigi.shop\/index.php\/wp-json\/wp\/v2\/media?parent=155"}],"wp:term":[{"taxonomy":"product_brand","embeddable":true,"href":"https:\/\/jewelry.azdigi.shop\/index.php\/wp-json\/wp\/v2\/product_brand?post=155"},{"taxonomy":"product_cat","embeddable":true,"href":"https:\/\/jewelry.azdigi.shop\/index.php\/wp-json\/wp\/v2\/product_cat?post=155"},{"taxonomy":"product_tag","embeddable":true,"href":"https:\/\/jewelry.azdigi.shop\/index.php\/wp-json\/wp\/v2\/product_tag?post=155"}],"curies":[{"name":"wp","href":"https:\/\/api.w.org\/{rel}","templated":true}]}}