{"id":174,"date":"2026-04-06T20:17:40","date_gmt":"2026-04-06T20:17:40","guid":{"rendered":"https:\/\/congchatrasua.azdigi.shop\/?post_type=product&#038;p=174"},"modified":"2026-04-06T20:17:40","modified_gmt":"2026-04-06T20:17:40","slug":"phe-cappu-hat-colom-ethi","status":"publish","type":"product","link":"https:\/\/jewelry.azdigi.shop\/index.php\/san-pham\/phe-cappu-hat-colom-ethi\/","title":{"rendered":"PH\u00ca CAPPU (H\u1ea1t Colom, Ethi)"},"content":{"rendered":"<div class=\"flex flex-col text-sm pb-25\">\n<section class=\"text-token-text-primary w-full focus:outline-none [--shadow-height:45px] has-data-writing-block:pointer-events-none has-data-writing-block:-mt-(--shadow-height) has-data-writing-block:pt-(--shadow-height) [&amp;:has([data-writing-block])&gt;*]:pointer-events-auto scroll-mt-[calc(var(--header-height)+min(200px,max(70px,20svh)))]\" dir=\"auto\" data-turn-id=\"request-WEB:aece0116-39d1-482d-a88f-e7d9ab7b3331-18\" data-testid=\"conversation-turn-38\" data-scroll-anchor=\"true\" data-turn=\"assistant\">\n<div class=\"text-base my-auto mx-auto pb-10 [--thread-content-margin:var(--thread-content-margin-xs,calc(var(--spacing)*4))] @w-sm\/main:[--thread-content-margin:var(--thread-content-margin-sm,calc(var(--spacing)*6))] @w-lg\/main:[--thread-content-margin:var(--thread-content-margin-lg,calc(var(--spacing)*16))] px-(--thread-content-margin)\">\n<div class=\"[--thread-content-max-width:40rem] @w-lg\/main:[--thread-content-max-width:48rem] mx-auto max-w-(--thread-content-max-width) flex-1 group\/turn-messages focus-visible:outline-hidden relative flex w-full min-w-0 flex-col agent-turn\">\n<div class=\"flex max-w-full flex-col gap-4 grow\">\n<div class=\"min-h-8 text-message relative flex w-full flex-col items-end gap-2 text-start break-words whitespace-normal outline-none keyboard-focused:focus-ring [.text-message+&amp;]:mt-1\" dir=\"auto\" tabindex=\"0\" data-message-author-role=\"assistant\" data-message-id=\"714bb235-caa1-463c-9ea3-989ea0fc36f0\" data-message-model-slug=\"gpt-5-3\" data-turn-start-message=\"true\">\n<div class=\"flex w-full flex-col gap-1 empty:hidden\">\n<div class=\"markdown prose dark:prose-invert w-full wrap-break-word light markdown-new-styling\">\n<p style=\"text-align: center;\" data-start=\"0\" data-end=\"51\"><strong data-start=\"0\" data-end=\"51\">CHI TI\u1ebeT S\u1ea2N PH\u1ea8M\u00a0<\/strong><\/p>\n<p data-start=\"0\" data-end=\"51\"><strong data-start=\"0\" data-end=\"51\"> PH\u00ca CAPPU (H\u1ea1t Colom, Ethi)<\/strong><\/p>\n<p data-start=\"53\" data-end=\"373\">Ph\u00ea Cappu (h\u1ea1t Colombia &amp; Ethiopia) l\u00e0 s\u1ef1 k\u1ebft h\u1ee3p tinh t\u1ebf gi\u1eefa c\u00e0 ph\u00ea \u0111\u1eb7c s\u1ea3n v\u00e0 s\u1eefa t\u01b0\u01a1i, t\u1ea1o n\u00ean m\u1ed9t ly cappuccino nh\u1eb9 nh\u00e0ng nh\u01b0ng \u0111\u1ea7y chi\u1ec1u s\u00e2u h\u01b0\u01a1ng v\u1ecb. Ngay t\u1eeb ng\u1ee5m \u0111\u1ea7u ti\u00ean, b\u1ea1n s\u1ebd c\u1ea3m nh\u1eadn \u0111\u01b0\u1ee3c n\u1ed1t h\u01b0\u01a1ng tr\u00e1i c\u00e2y n\u1ed5i b\u1eadt nh\u01b0 <strong data-start=\"285\" data-end=\"300\">peach (\u0111\u00e0o)<\/strong> v\u00e0 <strong data-start=\"304\" data-end=\"320\">orange (cam)<\/strong>, mang l\u1ea1i c\u1ea3m gi\u00e1c t\u01b0\u01a1i m\u1edbi, thanh tho\u00e1t v\u00e0 d\u1ec5 ch\u1ecbu.<\/p>\n<p data-start=\"375\" data-end=\"722\">Ph\u1ea7n th\u00e2n c\u00e0 ph\u00ea (<strong data-start=\"393\" data-end=\"407\">juicy body<\/strong>) k\u1ebft h\u1ee3p c\u00f9ng l\u1edbp s\u1eefa n\u00f3ng v\u00e0 b\u1ecdt s\u1eefa m\u1ecbn gi\u00fap t\u1ed5ng th\u1ec3 tr\u1edf n\u00ean m\u1ec1m m\u1ea1i, c\u00e2n b\u1eb1ng v\u00e0 d\u1ec5 u\u1ed1ng h\u01a1n so v\u1edbi espresso nguy\u00ean b\u1ea3n. S\u1ef1 h\u00f2a quy\u1ec7n gi\u1eefa v\u1ecb chua thanh \u0111\u1eb7c tr\u01b0ng c\u1ee7a Ethiopia v\u00e0 v\u1ecb ng\u1ecdt d\u1ecbu t\u1eeb Colombia t\u1ea1o n\u00ean m\u1ed9t n\u1ec1n h\u01b0\u01a1ng h\u00e0i h\u00f2a, ph\u00f9 h\u1ee3p v\u1edbi nhi\u1ec1u kh\u1ea9u v\u1ecb, k\u1ec3 c\u1ea3 nh\u1eefng ng\u01b0\u1eddi m\u1edbi b\u1eaft \u0111\u1ea7u th\u01b0\u1edfng th\u1ee9c c\u00e0 ph\u00ea.<\/p>\n<p data-start=\"724\" data-end=\"985\">\u0110i\u1ec3m \u0111\u1eb7c tr\u01b0ng c\u1ee7a cappuccino n\u1eb1m \u1edf l\u1edbp foam s\u1eefa m\u1ecbn ph\u00eda tr\u00ean, gi\u00fap gi\u1eef nhi\u1ec7t t\u1ed1t khi d\u00f9ng n\u00f3ng v\u00e0 t\u1ea1o c\u1ea3m gi\u00e1c b\u1ed3ng b\u1ec1nh khi th\u01b0\u1edfng th\u1ee9c. H\u1eadu v\u1ecb (<strong data-start=\"872\" data-end=\"892\">sweet aftertaste<\/strong>) k\u00e9o d\u00e0i v\u1edbi ch\u00fat \u0111\u1eafng nh\u1eb9 c\u1ee7a chocolate mang l\u1ea1i c\u1ea3m gi\u00e1c \u00eam d\u1ecbu v\u00e0 l\u01b0u luy\u1ebfn sau m\u1ed7i ng\u1ee5m.<\/p>\n<p data-start=\"987\" data-end=\"1257\" data-is-last-node=\"\" data-is-only-node=\"\">S\u1ea3n ph\u1ea9m c\u00f3 th\u1ec3 d\u00f9ng n\u00f3ng \u0111\u1ec3 t\u1eadn h\u01b0\u1edfng h\u01b0\u01a1ng th\u01a1m r\u00f5 n\u00e9t v\u00e0 c\u1ea3m gi\u00e1c \u1ea5m \u00e1p, ho\u1eb7c d\u00f9ng \u0111\u00e1 \u0111\u1ec3 mang l\u1ea1i s\u1ef1 t\u01b0\u01a1i m\u00e1t, s\u1ea3ng kho\u00e1i. Ph\u00ea Cappu (Colom, Ethi) l\u00e0 l\u1ef1a ch\u1ecdn l\u00fd t\u01b0\u1edfng cho nh\u1eefng ai y\u00eau th\u00edch c\u00e0 ph\u00ea \u0111\u1eb7c s\u1ea3n nh\u01b0ng v\u1eabn mu\u1ed1n s\u1ef1 c\u00e2n b\u1eb1ng v\u00e0 d\u1ec5 u\u1ed1ng trong t\u1eebng tr\u1ea3i nghi\u1ec7m.<\/p>\n<\/div>\n<\/div>\n<\/div>\n<\/div>\n<div class=\"z-0 flex min-h-[46px] justify-start\"><\/div>\n<div class=\"mt-3 w-full empty:hidden\">\n<div class=\"text-center\"><\/div>\n<\/div>\n<\/div>\n<\/div>\n<\/section>\n<\/div>\n<div class=\"pointer-events-none h-px w-px absolute bottom-0\" aria-hidden=\"true\" data-edge=\"true\"><\/div>\n","protected":false},"excerpt":{"rendered":"<p>CHI TI\u1ebeT S\u1ea2N PH\u1ea8M\u00a0 PH\u00ca CAPPU (H\u1ea1t Colom, Ethi) Ph\u00ea Cappu (h\u1ea1t Colombia &amp; Ethiopia) l\u00e0 s\u1ef1 k\u1ebft h\u1ee3p tinh t\u1ebf gi\u1eefa c\u00e0 ph\u00ea \u0111\u1eb7c s\u1ea3n v\u00e0 s\u1eefa t\u01b0\u01a1i, t\u1ea1o n\u00ean m\u1ed9t ly cappuccino nh\u1eb9 nh\u00e0ng nh\u01b0ng \u0111\u1ea7y chi\u1ec1u s\u00e2u h\u01b0\u01a1ng v\u1ecb. Ngay t\u1eeb ng\u1ee5m \u0111\u1ea7u ti\u00ean, b\u1ea1n s\u1ebd c\u1ea3m nh\u1eadn \u0111\u01b0\u1ee3c n\u1ed1t h\u01b0\u01a1ng tr\u00e1i [&#8230;]\n","protected":false},"featured_media":165,"comment_status":"open","ping_status":"closed","template":"","meta":[],"product_brand":[],"product_cat":[21],"product_tag":[25,30],"class_list":{"0":"post-174","1":"product","2":"type-product","3":"status-publish","4":"has-post-thumbnail","6":"product_cat-ca-phe","7":"product_tag-ethi","8":"product_tag-phe-cappu-hat-colom","10":"first","11":"instock","12":"shipping-taxable","13":"purchasable","14":"product-type-variable"},"yoast_head":"<!-- This site is optimized with the Yoast SEO plugin v27.3 - https:\/\/yoast.com\/product\/yoast-seo-wordpress\/ -->\n<title>PH\u00ca CAPPU (H\u1ea1t Colom, Ethi) - Trang s\u1ee9c b\u1ea1c<\/title>\n<meta name=\"robots\" content=\"index, follow, max-snippet:-1, max-image-preview:large, max-video-preview:-1\" \/>\n<link rel=\"canonical\" href=\"https:\/\/jewelry.azdigi.shop\/index.php\/san-pham\/phe-cappu-hat-colom-ethi\/\" \/>\n<meta property=\"og:locale\" content=\"vi_VN\" \/>\n<meta property=\"og:type\" content=\"article\" \/>\n<meta property=\"og:title\" content=\"PH\u00ca CAPPU (H\u1ea1t Colom, Ethi) - Trang s\u1ee9c b\u1ea1c\" \/>\n<meta property=\"og:description\" content=\"CHI TI\u1ebeT S\u1ea2N PH\u1ea8M\u00a0 PH\u00ca CAPPU (H\u1ea1t Colom, Ethi) Ph\u00ea Cappu (h\u1ea1t Colombia &amp; Ethiopia) l\u00e0 s\u1ef1 k\u1ebft h\u1ee3p tinh t\u1ebf gi\u1eefa c\u00e0 ph\u00ea \u0111\u1eb7c s\u1ea3n v\u00e0 s\u1eefa t\u01b0\u01a1i, t\u1ea1o n\u00ean m\u1ed9t ly cappuccino nh\u1eb9 nh\u00e0ng nh\u01b0ng \u0111\u1ea7y chi\u1ec1u s\u00e2u h\u01b0\u01a1ng v\u1ecb. Ngay t\u1eeb ng\u1ee5m \u0111\u1ea7u ti\u00ean, b\u1ea1n s\u1ebd c\u1ea3m nh\u1eadn \u0111\u01b0\u1ee3c n\u1ed1t h\u01b0\u01a1ng tr\u00e1i [...]\" \/>\n<meta property=\"og:url\" content=\"https:\/\/jewelry.azdigi.shop\/index.php\/san-pham\/phe-cappu-hat-colom-ethi\/\" \/>\n<meta property=\"og:site_name\" content=\"Trang s\u1ee9c b\u1ea1c\" \/>\n<meta property=\"og:image\" content=\"https:\/\/jewelry.azdigi.shop\/wp-content\/uploads\/2026\/04\/9.-Phe-Cappu-hat-Colom-Ethi-Nong-scaled-1.jpg\" \/>\n\t<meta property=\"og:image:width\" content=\"2560\" \/>\n\t<meta property=\"og:image:height\" content=\"2560\" \/>\n\t<meta property=\"og:image:type\" content=\"image\/jpeg\" \/>\n<meta name=\"twitter:card\" content=\"summary_large_image\" \/>\n<meta name=\"twitter:label1\" content=\"\u01af\u1edbc t\u00ednh th\u1eddi gian \u0111\u1ecdc\" \/>\n\t<meta name=\"twitter:data1\" content=\"2 ph\u00fat\" \/>\n<script type=\"application\/ld+json\" class=\"yoast-schema-graph\">{\"@context\":\"https:\\\/\\\/schema.org\",\"@graph\":[{\"@type\":\"WebPage\",\"@id\":\"https:\\\/\\\/jewelry.azdigi.shop\\\/index.php\\\/san-pham\\\/phe-cappu-hat-colom-ethi\\\/\",\"url\":\"https:\\\/\\\/jewelry.azdigi.shop\\\/index.php\\\/san-pham\\\/phe-cappu-hat-colom-ethi\\\/\",\"name\":\"PH\u00ca CAPPU (H\u1ea1t Colom, Ethi) - Trang s\u1ee9c b\u1ea1c\",\"isPartOf\":{\"@id\":\"https:\\\/\\\/jewelry.azdigi.shop\\\/#website\"},\"primaryImageOfPage\":{\"@id\":\"https:\\\/\\\/jewelry.azdigi.shop\\\/index.php\\\/san-pham\\\/phe-cappu-hat-colom-ethi\\\/#primaryimage\"},\"image\":{\"@id\":\"https:\\\/\\\/jewelry.azdigi.shop\\\/index.php\\\/san-pham\\\/phe-cappu-hat-colom-ethi\\\/#primaryimage\"},\"thumbnailUrl\":\"https:\\\/\\\/jewelry.azdigi.shop\\\/wp-content\\\/uploads\\\/2026\\\/04\\\/9.-Phe-Cappu-hat-Colom-Ethi-Nong-scaled-1.jpg\",\"datePublished\":\"2026-04-06T20:17:40+00:00\",\"breadcrumb\":{\"@id\":\"https:\\\/\\\/jewelry.azdigi.shop\\\/index.php\\\/san-pham\\\/phe-cappu-hat-colom-ethi\\\/#breadcrumb\"},\"inLanguage\":\"vi\",\"potentialAction\":[{\"@type\":\"ReadAction\",\"target\":[\"https:\\\/\\\/jewelry.azdigi.shop\\\/index.php\\\/san-pham\\\/phe-cappu-hat-colom-ethi\\\/\"]}]},{\"@type\":\"ImageObject\",\"inLanguage\":\"vi\",\"@id\":\"https:\\\/\\\/jewelry.azdigi.shop\\\/index.php\\\/san-pham\\\/phe-cappu-hat-colom-ethi\\\/#primaryimage\",\"url\":\"https:\\\/\\\/jewelry.azdigi.shop\\\/wp-content\\\/uploads\\\/2026\\\/04\\\/9.-Phe-Cappu-hat-Colom-Ethi-Nong-scaled-1.jpg\",\"contentUrl\":\"https:\\\/\\\/jewelry.azdigi.shop\\\/wp-content\\\/uploads\\\/2026\\\/04\\\/9.-Phe-Cappu-hat-Colom-Ethi-Nong-scaled-1.jpg\",\"width\":2560,\"height\":2560},{\"@type\":\"BreadcrumbList\",\"@id\":\"https:\\\/\\\/jewelry.azdigi.shop\\\/index.php\\\/san-pham\\\/phe-cappu-hat-colom-ethi\\\/#breadcrumb\",\"itemListElement\":[{\"@type\":\"ListItem\",\"position\":1,\"name\":\"Trang ch\u1ee7\",\"item\":\"https:\\\/\\\/jewelry.azdigi.shop\\\/\"},{\"@type\":\"ListItem\",\"position\":2,\"name\":\"C\u1eeda h\u00e0ng\",\"item\":\"https:\\\/\\\/jewelry.azdigi.shop\\\/index.php\\\/cua-hang\\\/\"},{\"@type\":\"ListItem\",\"position\":3,\"name\":\"PH\u00ca CAPPU (H\u1ea1t Colom, Ethi)\"}]},{\"@type\":\"WebSite\",\"@id\":\"https:\\\/\\\/jewelry.azdigi.shop\\\/#website\",\"url\":\"https:\\\/\\\/jewelry.azdigi.shop\\\/\",\"name\":\"Trang s\u1ee9c b\u1ea1c\",\"description\":\"\",\"potentialAction\":[{\"@type\":\"SearchAction\",\"target\":{\"@type\":\"EntryPoint\",\"urlTemplate\":\"https:\\\/\\\/jewelry.azdigi.shop\\\/?s={search_term_string}\"},\"query-input\":{\"@type\":\"PropertyValueSpecification\",\"valueRequired\":true,\"valueName\":\"search_term_string\"}}],\"inLanguage\":\"vi\"}]}<\/script>\n<!-- \/ Yoast SEO plugin. -->","yoast_head_json":{"title":"PH\u00ca CAPPU (H\u1ea1t Colom, Ethi) - Trang s\u1ee9c b\u1ea1c","robots":{"index":"index","follow":"follow","max-snippet":"max-snippet:-1","max-image-preview":"max-image-preview:large","max-video-preview":"max-video-preview:-1"},"canonical":"https:\/\/jewelry.azdigi.shop\/index.php\/san-pham\/phe-cappu-hat-colom-ethi\/","og_locale":"vi_VN","og_type":"article","og_title":"PH\u00ca CAPPU (H\u1ea1t Colom, Ethi) - Trang s\u1ee9c b\u1ea1c","og_description":"CHI TI\u1ebeT S\u1ea2N PH\u1ea8M\u00a0 PH\u00ca CAPPU (H\u1ea1t Colom, Ethi) Ph\u00ea Cappu (h\u1ea1t Colombia &amp; Ethiopia) l\u00e0 s\u1ef1 k\u1ebft h\u1ee3p tinh t\u1ebf gi\u1eefa c\u00e0 ph\u00ea \u0111\u1eb7c s\u1ea3n v\u00e0 s\u1eefa t\u01b0\u01a1i, t\u1ea1o n\u00ean m\u1ed9t ly cappuccino nh\u1eb9 nh\u00e0ng nh\u01b0ng \u0111\u1ea7y chi\u1ec1u s\u00e2u h\u01b0\u01a1ng v\u1ecb. Ngay t\u1eeb ng\u1ee5m \u0111\u1ea7u ti\u00ean, b\u1ea1n s\u1ebd c\u1ea3m nh\u1eadn \u0111\u01b0\u1ee3c n\u1ed1t h\u01b0\u01a1ng tr\u00e1i [...]","og_url":"https:\/\/jewelry.azdigi.shop\/index.php\/san-pham\/phe-cappu-hat-colom-ethi\/","og_site_name":"Trang s\u1ee9c b\u1ea1c","og_image":[{"width":2560,"height":2560,"url":"https:\/\/jewelry.azdigi.shop\/wp-content\/uploads\/2026\/04\/9.-Phe-Cappu-hat-Colom-Ethi-Nong-scaled-1.jpg","type":"image\/jpeg"}],"twitter_card":"summary_large_image","twitter_misc":{"\u01af\u1edbc t\u00ednh th\u1eddi gian \u0111\u1ecdc":"2 ph\u00fat"},"schema":{"@context":"https:\/\/schema.org","@graph":[{"@type":"WebPage","@id":"https:\/\/jewelry.azdigi.shop\/index.php\/san-pham\/phe-cappu-hat-colom-ethi\/","url":"https:\/\/jewelry.azdigi.shop\/index.php\/san-pham\/phe-cappu-hat-colom-ethi\/","name":"PH\u00ca CAPPU (H\u1ea1t Colom, Ethi) - Trang s\u1ee9c b\u1ea1c","isPartOf":{"@id":"https:\/\/jewelry.azdigi.shop\/#website"},"primaryImageOfPage":{"@id":"https:\/\/jewelry.azdigi.shop\/index.php\/san-pham\/phe-cappu-hat-colom-ethi\/#primaryimage"},"image":{"@id":"https:\/\/jewelry.azdigi.shop\/index.php\/san-pham\/phe-cappu-hat-colom-ethi\/#primaryimage"},"thumbnailUrl":"https:\/\/jewelry.azdigi.shop\/wp-content\/uploads\/2026\/04\/9.-Phe-Cappu-hat-Colom-Ethi-Nong-scaled-1.jpg","datePublished":"2026-04-06T20:17:40+00:00","breadcrumb":{"@id":"https:\/\/jewelry.azdigi.shop\/index.php\/san-pham\/phe-cappu-hat-colom-ethi\/#breadcrumb"},"inLanguage":"vi","potentialAction":[{"@type":"ReadAction","target":["https:\/\/jewelry.azdigi.shop\/index.php\/san-pham\/phe-cappu-hat-colom-ethi\/"]}]},{"@type":"ImageObject","inLanguage":"vi","@id":"https:\/\/jewelry.azdigi.shop\/index.php\/san-pham\/phe-cappu-hat-colom-ethi\/#primaryimage","url":"https:\/\/jewelry.azdigi.shop\/wp-content\/uploads\/2026\/04\/9.-Phe-Cappu-hat-Colom-Ethi-Nong-scaled-1.jpg","contentUrl":"https:\/\/jewelry.azdigi.shop\/wp-content\/uploads\/2026\/04\/9.-Phe-Cappu-hat-Colom-Ethi-Nong-scaled-1.jpg","width":2560,"height":2560},{"@type":"BreadcrumbList","@id":"https:\/\/jewelry.azdigi.shop\/index.php\/san-pham\/phe-cappu-hat-colom-ethi\/#breadcrumb","itemListElement":[{"@type":"ListItem","position":1,"name":"Trang ch\u1ee7","item":"https:\/\/jewelry.azdigi.shop\/"},{"@type":"ListItem","position":2,"name":"C\u1eeda h\u00e0ng","item":"https:\/\/jewelry.azdigi.shop\/index.php\/cua-hang\/"},{"@type":"ListItem","position":3,"name":"PH\u00ca CAPPU (H\u1ea1t Colom, Ethi)"}]},{"@type":"WebSite","@id":"https:\/\/jewelry.azdigi.shop\/#website","url":"https:\/\/jewelry.azdigi.shop\/","name":"Trang s\u1ee9c b\u1ea1c","description":"","potentialAction":[{"@type":"SearchAction","target":{"@type":"EntryPoint","urlTemplate":"https:\/\/jewelry.azdigi.shop\/?s={search_term_string}"},"query-input":{"@type":"PropertyValueSpecification","valueRequired":true,"valueName":"search_term_string"}}],"inLanguage":"vi"}]}},"_links":{"self":[{"href":"https:\/\/jewelry.azdigi.shop\/index.php\/wp-json\/wp\/v2\/product\/174","targetHints":{"allow":["GET"]}}],"collection":[{"href":"https:\/\/jewelry.azdigi.shop\/index.php\/wp-json\/wp\/v2\/product"}],"about":[{"href":"https:\/\/jewelry.azdigi.shop\/index.php\/wp-json\/wp\/v2\/types\/product"}],"replies":[{"embeddable":true,"href":"https:\/\/jewelry.azdigi.shop\/index.php\/wp-json\/wp\/v2\/comments?post=174"}],"wp:featuredmedia":[{"embeddable":true,"href":"https:\/\/jewelry.azdigi.shop\/index.php\/wp-json\/wp\/v2\/media\/165"}],"wp:attachment":[{"href":"https:\/\/jewelry.azdigi.shop\/index.php\/wp-json\/wp\/v2\/media?parent=174"}],"wp:term":[{"taxonomy":"product_brand","embeddable":true,"href":"https:\/\/jewelry.azdigi.shop\/index.php\/wp-json\/wp\/v2\/product_brand?post=174"},{"taxonomy":"product_cat","embeddable":true,"href":"https:\/\/jewelry.azdigi.shop\/index.php\/wp-json\/wp\/v2\/product_cat?post=174"},{"taxonomy":"product_tag","embeddable":true,"href":"https:\/\/jewelry.azdigi.shop\/index.php\/wp-json\/wp\/v2\/product_tag?post=174"}],"curies":[{"name":"wp","href":"https:\/\/api.w.org\/{rel}","templated":true}]}}