{"id":183,"date":"2026-04-06T20:37:49","date_gmt":"2026-04-06T20:37:49","guid":{"rendered":"https:\/\/congchatrasua.azdigi.shop\/?post_type=product&#038;p=183"},"modified":"2026-04-06T20:37:50","modified_gmt":"2026-04-06T20:37:50","slug":"phe-ame-hat-ro-ara","status":"publish","type":"product","link":"https:\/\/jewelry.azdigi.shop\/index.php\/san-pham\/phe-ame-hat-ro-ara\/","title":{"rendered":"PH\u00ca AME (H\u1ea1t Ro, Ara)"},"content":{"rendered":"<div class=\"flex flex-col text-sm pb-25\">\n<section class=\"text-token-text-primary w-full focus:outline-none [--shadow-height:45px] has-data-writing-block:pointer-events-none has-data-writing-block:-mt-(--shadow-height) has-data-writing-block:pt-(--shadow-height) [&amp;:has([data-writing-block])&gt;*]:pointer-events-auto scroll-mt-[calc(var(--header-height)+min(200px,max(70px,20svh)))]\" dir=\"auto\" data-turn-id=\"request-WEB:aece0116-39d1-482d-a88f-e7d9ab7b3331-19\" data-testid=\"conversation-turn-40\" data-scroll-anchor=\"true\" data-turn=\"assistant\">\n<div class=\"text-base my-auto mx-auto pb-10 [--thread-content-margin:var(--thread-content-margin-xs,calc(var(--spacing)*4))] @w-sm\/main:[--thread-content-margin:var(--thread-content-margin-sm,calc(var(--spacing)*6))] @w-lg\/main:[--thread-content-margin:var(--thread-content-margin-lg,calc(var(--spacing)*16))] px-(--thread-content-margin)\">\n<div class=\"[--thread-content-max-width:40rem] @w-lg\/main:[--thread-content-max-width:48rem] mx-auto max-w-(--thread-content-max-width) flex-1 group\/turn-messages focus-visible:outline-hidden relative flex w-full min-w-0 flex-col agent-turn\">\n<div class=\"flex max-w-full flex-col gap-4 grow\">\n<div class=\"min-h-8 text-message relative flex w-full flex-col items-end gap-2 text-start break-words whitespace-normal outline-none keyboard-focused:focus-ring [.text-message+&amp;]:mt-1\" dir=\"auto\" tabindex=\"0\" data-message-author-role=\"assistant\" data-message-id=\"7dc78c2c-febc-4e0e-9a7a-cd4041f2abdd\" data-message-model-slug=\"gpt-5-3\" data-turn-start-message=\"true\">\n<div class=\"flex w-full flex-col gap-1 empty:hidden\">\n<div class=\"markdown prose dark:prose-invert w-full wrap-break-word light markdown-new-styling\">\n<h1 style=\"text-align: center;\" data-start=\"0\" data-end=\"45\"><strong data-start=\"0\" data-end=\"45\">CHI TI\u1ebeT S\u1ea2N PH\u1ea8M <\/strong><\/h1>\n<p data-start=\"0\" data-end=\"45\"><strong data-start=\"0\" data-end=\"45\">PH\u00ca AME (H\u1ea1t Ro, Ara)<\/strong><\/p>\n<p data-start=\"47\" data-end=\"369\">Ph\u00ea Ame (Americano) s\u1eed d\u1ee5ng h\u1ea1t Robusta v\u00e0 Arabica mang \u0111\u1ebfn m\u1ed9t tr\u1ea3i nghi\u1ec7m c\u00e0 ph\u00ea \u0111\u1eadm \u0111\u00e0 nh\u01b0ng v\u1eabn thanh nh\u1eb9, ph\u00f9 h\u1ee3p \u0111\u1ec3 th\u01b0\u1edfng th\u1ee9c h\u00e0ng ng\u00e0y. Ngay t\u1eeb ng\u1ee5m \u0111\u1ea7u ti\u00ean, b\u1ea1n s\u1ebd c\u1ea3m nh\u1eadn r\u00f5 n\u1ed1t h\u01b0\u01a1ng <strong data-start=\"244\" data-end=\"262\">dark chocolate<\/strong> \u0111\u1eb7c tr\u01b0ng, t\u1ea1o n\u00ean v\u1ecb \u0111\u1eafng nh\u1eb9, s\u00e2u v\u00e0 \u0111\u1ea7y cu\u1ed1n h\u00fat, kh\u00f4ng qu\u00e1 g\u1eaft nh\u01b0ng v\u1eabn \u0111\u1ee7 m\u1ea1nh \u0111\u1ec3 \u0111\u00e1nh th\u1ee9c v\u1ecb gi\u00e1c.<\/p>\n<p data-start=\"371\" data-end=\"686\">Ti\u1ebfp n\u1ed1i l\u00e0 h\u01b0\u01a1ng <strong data-start=\"389\" data-end=\"425\">h\u1ea1t \u00f3c ch\u00f3 rang (roasted walnut)<\/strong> thoang tho\u1ea3ng, mang l\u1ea1i c\u1ea3m gi\u00e1c \u1ea5m \u00e1p v\u00e0 chi\u1ec1u s\u00e2u trong t\u1eebng t\u1ea7ng h\u01b0\u01a1ng. Ph\u1ea7n th\u00e2n c\u00e0 ph\u00ea (<strong data-start=\"519\" data-end=\"534\">strong body<\/strong>) \u0111\u01b0\u1ee3c l\u00e0m d\u1ecbu l\u1ea1i nh\u1edd vi\u1ec7c pha lo\u00e3ng v\u1edbi n\u01b0\u1edbc n\u00f3ng, gi\u00fap ly Americano tr\u1edf n\u00ean nh\u1eb9 nh\u00e0ng h\u01a1n so v\u1edbi espresso nh\u01b0ng v\u1eabn gi\u1eef \u0111\u01b0\u1ee3c \u0111\u1ed9 \u0111\u1eadm v\u00e0 b\u1ea3n s\u1eafc ri\u00eang.<\/p>\n<p data-start=\"688\" data-end=\"985\">H\u1eadu v\u1ecb (<strong data-start=\"696\" data-end=\"715\">long aftertaste<\/strong>) k\u00e9o d\u00e0i v\u1edbi ch\u00fat \u0111\u1eafng nh\u1eb9 c\u1ee7a chocolate h\u00f2a quy\u1ec7n c\u00f9ng d\u01b0 v\u1ecb ng\u1ecdt thanh, mang l\u1ea1i c\u1ea3m gi\u00e1c d\u1ec5 ch\u1ecbu v\u00e0 l\u01b0u luy\u1ebfn sau m\u1ed7i l\u1ea7n th\u01b0\u1edfng th\u1ee9c. \u0110\u00e2y l\u00e0 d\u00f2ng c\u00e0 ph\u00ea ph\u00f9 h\u1ee3p v\u1edbi nh\u1eefng ai mu\u1ed1n u\u1ed1ng c\u00e0 ph\u00ea \u0111en nh\u01b0ng kh\u00f4ng qu\u00e1 g\u1eaft, d\u1ec5 u\u1ed1ng h\u01a1n m\u00e0 v\u1eabn gi\u1eef tr\u1ecdn h\u01b0\u01a1ng v\u1ecb nguy\u00ean ch\u1ea5t.<\/p>\n<p data-start=\"987\" data-end=\"1158\" data-is-last-node=\"\" data-is-only-node=\"\">Ph\u00ea Ame (Ro, Ara) l\u00e0 l\u1ef1a ch\u1ecdn l\u00fd t\u01b0\u1edfng cho bu\u1ed5i s\u00e1ng c\u1ea7n s\u1ef1 t\u1ec9nh t\u00e1o nh\u1eb9 nh\u00e0ng ho\u1eb7c trong ng\u00e0y d\u00e0i l\u00e0m vi\u1ec7c, gi\u00fap b\u1ea1n duy tr\u00ec n\u0103ng l\u01b0\u1ee3ng v\u00e0 s\u1ef1 t\u1eadp trung m\u1ed9t c\u00e1ch hi\u1ec7u qu\u1ea3.<\/p>\n<\/div>\n<\/div>\n<\/div>\n<\/div>\n<div class=\"z-0 flex min-h-[46px] justify-start\"><\/div>\n<div class=\"mt-3 w-full empty:hidden\">\n<div class=\"text-center\"><\/div>\n<\/div>\n<\/div>\n<\/div>\n<\/section>\n<\/div>\n<div class=\"pointer-events-none h-px w-px absolute bottom-0\" aria-hidden=\"true\" data-edge=\"true\"><\/div>\n","protected":false},"excerpt":{"rendered":"<p>CHI TI\u1ebeT S\u1ea2N PH\u1ea8M PH\u00ca AME (H\u1ea1t Ro, Ara) Ph\u00ea Ame (Americano) s\u1eed d\u1ee5ng h\u1ea1t Robusta v\u00e0 Arabica mang \u0111\u1ebfn m\u1ed9t tr\u1ea3i nghi\u1ec7m c\u00e0 ph\u00ea \u0111\u1eadm \u0111\u00e0 nh\u01b0ng v\u1eabn thanh nh\u1eb9, ph\u00f9 h\u1ee3p \u0111\u1ec3 th\u01b0\u1edfng th\u1ee9c h\u00e0ng ng\u00e0y. Ngay t\u1eeb ng\u1ee5m \u0111\u1ea7u ti\u00ean, b\u1ea1n s\u1ebd c\u1ea3m nh\u1eadn r\u00f5 n\u1ed1t h\u01b0\u01a1ng dark chocolate \u0111\u1eb7c tr\u01b0ng, t\u1ea1o [&#8230;]\n","protected":false},"featured_media":165,"comment_status":"open","ping_status":"closed","template":"","meta":[],"product_brand":[],"product_cat":[21],"product_tag":[27,32,31],"class_list":{"0":"post-183","1":"product","2":"type-product","3":"status-publish","4":"has-post-thumbnail","6":"product_cat-ca-phe","7":"product_tag-ara","8":"product_tag-phe-ame","9":"product_tag-phe-ame-hat-ro","11":"first","12":"instock","13":"shipping-taxable","14":"purchasable","15":"product-type-variable"},"yoast_head":"<!-- This site is optimized with the Yoast SEO plugin v27.3 - https:\/\/yoast.com\/product\/yoast-seo-wordpress\/ -->\n<title>PH\u00ca AME (H\u1ea1t Ro, Ara) - Trang s\u1ee9c b\u1ea1c<\/title>\n<meta name=\"robots\" content=\"index, follow, max-snippet:-1, max-image-preview:large, max-video-preview:-1\" \/>\n<link rel=\"canonical\" href=\"https:\/\/jewelry.azdigi.shop\/index.php\/san-pham\/phe-ame-hat-ro-ara\/\" \/>\n<meta property=\"og:locale\" content=\"vi_VN\" \/>\n<meta property=\"og:type\" content=\"article\" \/>\n<meta property=\"og:title\" content=\"PH\u00ca AME (H\u1ea1t Ro, Ara) - Trang s\u1ee9c b\u1ea1c\" \/>\n<meta property=\"og:description\" content=\"CHI TI\u1ebeT S\u1ea2N PH\u1ea8M PH\u00ca AME (H\u1ea1t Ro, Ara) Ph\u00ea Ame (Americano) s\u1eed d\u1ee5ng h\u1ea1t Robusta v\u00e0 Arabica mang \u0111\u1ebfn m\u1ed9t tr\u1ea3i nghi\u1ec7m c\u00e0 ph\u00ea \u0111\u1eadm \u0111\u00e0 nh\u01b0ng v\u1eabn thanh nh\u1eb9, ph\u00f9 h\u1ee3p \u0111\u1ec3 th\u01b0\u1edfng th\u1ee9c h\u00e0ng ng\u00e0y. Ngay t\u1eeb ng\u1ee5m \u0111\u1ea7u ti\u00ean, b\u1ea1n s\u1ebd c\u1ea3m nh\u1eadn r\u00f5 n\u1ed1t h\u01b0\u01a1ng dark chocolate \u0111\u1eb7c tr\u01b0ng, t\u1ea1o [...]\" \/>\n<meta property=\"og:url\" content=\"https:\/\/jewelry.azdigi.shop\/index.php\/san-pham\/phe-ame-hat-ro-ara\/\" \/>\n<meta property=\"og:site_name\" content=\"Trang s\u1ee9c b\u1ea1c\" \/>\n<meta property=\"article:modified_time\" content=\"2026-04-06T20:37:50+00:00\" \/>\n<meta property=\"og:image\" content=\"https:\/\/jewelry.azdigi.shop\/wp-content\/uploads\/2026\/04\/9.-Phe-Cappu-hat-Colom-Ethi-Nong-scaled-1.jpg\" \/>\n\t<meta property=\"og:image:width\" content=\"2560\" \/>\n\t<meta property=\"og:image:height\" content=\"2560\" \/>\n\t<meta property=\"og:image:type\" content=\"image\/jpeg\" \/>\n<meta name=\"twitter:card\" content=\"summary_large_image\" \/>\n<meta name=\"twitter:label1\" content=\"\u01af\u1edbc t\u00ednh th\u1eddi gian \u0111\u1ecdc\" \/>\n\t<meta name=\"twitter:data1\" content=\"2 ph\u00fat\" \/>\n<script type=\"application\/ld+json\" class=\"yoast-schema-graph\">{\"@context\":\"https:\\\/\\\/schema.org\",\"@graph\":[{\"@type\":\"WebPage\",\"@id\":\"https:\\\/\\\/jewelry.azdigi.shop\\\/index.php\\\/san-pham\\\/phe-ame-hat-ro-ara\\\/\",\"url\":\"https:\\\/\\\/jewelry.azdigi.shop\\\/index.php\\\/san-pham\\\/phe-ame-hat-ro-ara\\\/\",\"name\":\"PH\u00ca AME (H\u1ea1t Ro, Ara) - Trang s\u1ee9c b\u1ea1c\",\"isPartOf\":{\"@id\":\"https:\\\/\\\/jewelry.azdigi.shop\\\/#website\"},\"primaryImageOfPage\":{\"@id\":\"https:\\\/\\\/jewelry.azdigi.shop\\\/index.php\\\/san-pham\\\/phe-ame-hat-ro-ara\\\/#primaryimage\"},\"image\":{\"@id\":\"https:\\\/\\\/jewelry.azdigi.shop\\\/index.php\\\/san-pham\\\/phe-ame-hat-ro-ara\\\/#primaryimage\"},\"thumbnailUrl\":\"https:\\\/\\\/jewelry.azdigi.shop\\\/wp-content\\\/uploads\\\/2026\\\/04\\\/9.-Phe-Cappu-hat-Colom-Ethi-Nong-scaled-1.jpg\",\"datePublished\":\"2026-04-06T20:37:49+00:00\",\"dateModified\":\"2026-04-06T20:37:50+00:00\",\"breadcrumb\":{\"@id\":\"https:\\\/\\\/jewelry.azdigi.shop\\\/index.php\\\/san-pham\\\/phe-ame-hat-ro-ara\\\/#breadcrumb\"},\"inLanguage\":\"vi\",\"potentialAction\":[{\"@type\":\"ReadAction\",\"target\":[\"https:\\\/\\\/jewelry.azdigi.shop\\\/index.php\\\/san-pham\\\/phe-ame-hat-ro-ara\\\/\"]}]},{\"@type\":\"ImageObject\",\"inLanguage\":\"vi\",\"@id\":\"https:\\\/\\\/jewelry.azdigi.shop\\\/index.php\\\/san-pham\\\/phe-ame-hat-ro-ara\\\/#primaryimage\",\"url\":\"https:\\\/\\\/jewelry.azdigi.shop\\\/wp-content\\\/uploads\\\/2026\\\/04\\\/9.-Phe-Cappu-hat-Colom-Ethi-Nong-scaled-1.jpg\",\"contentUrl\":\"https:\\\/\\\/jewelry.azdigi.shop\\\/wp-content\\\/uploads\\\/2026\\\/04\\\/9.-Phe-Cappu-hat-Colom-Ethi-Nong-scaled-1.jpg\",\"width\":2560,\"height\":2560},{\"@type\":\"BreadcrumbList\",\"@id\":\"https:\\\/\\\/jewelry.azdigi.shop\\\/index.php\\\/san-pham\\\/phe-ame-hat-ro-ara\\\/#breadcrumb\",\"itemListElement\":[{\"@type\":\"ListItem\",\"position\":1,\"name\":\"Trang ch\u1ee7\",\"item\":\"https:\\\/\\\/jewelry.azdigi.shop\\\/\"},{\"@type\":\"ListItem\",\"position\":2,\"name\":\"C\u1eeda h\u00e0ng\",\"item\":\"https:\\\/\\\/jewelry.azdigi.shop\\\/index.php\\\/cua-hang\\\/\"},{\"@type\":\"ListItem\",\"position\":3,\"name\":\"PH\u00ca AME (H\u1ea1t Ro, Ara)\"}]},{\"@type\":\"WebSite\",\"@id\":\"https:\\\/\\\/jewelry.azdigi.shop\\\/#website\",\"url\":\"https:\\\/\\\/jewelry.azdigi.shop\\\/\",\"name\":\"Trang s\u1ee9c b\u1ea1c\",\"description\":\"\",\"potentialAction\":[{\"@type\":\"SearchAction\",\"target\":{\"@type\":\"EntryPoint\",\"urlTemplate\":\"https:\\\/\\\/jewelry.azdigi.shop\\\/?s={search_term_string}\"},\"query-input\":{\"@type\":\"PropertyValueSpecification\",\"valueRequired\":true,\"valueName\":\"search_term_string\"}}],\"inLanguage\":\"vi\"}]}<\/script>\n<!-- \/ Yoast SEO plugin. -->","yoast_head_json":{"title":"PH\u00ca AME (H\u1ea1t Ro, Ara) - Trang s\u1ee9c b\u1ea1c","robots":{"index":"index","follow":"follow","max-snippet":"max-snippet:-1","max-image-preview":"max-image-preview:large","max-video-preview":"max-video-preview:-1"},"canonical":"https:\/\/jewelry.azdigi.shop\/index.php\/san-pham\/phe-ame-hat-ro-ara\/","og_locale":"vi_VN","og_type":"article","og_title":"PH\u00ca AME (H\u1ea1t Ro, Ara) - Trang s\u1ee9c b\u1ea1c","og_description":"CHI TI\u1ebeT S\u1ea2N PH\u1ea8M PH\u00ca AME (H\u1ea1t Ro, Ara) Ph\u00ea Ame (Americano) s\u1eed d\u1ee5ng h\u1ea1t Robusta v\u00e0 Arabica mang \u0111\u1ebfn m\u1ed9t tr\u1ea3i nghi\u1ec7m c\u00e0 ph\u00ea \u0111\u1eadm \u0111\u00e0 nh\u01b0ng v\u1eabn thanh nh\u1eb9, ph\u00f9 h\u1ee3p \u0111\u1ec3 th\u01b0\u1edfng th\u1ee9c h\u00e0ng ng\u00e0y. Ngay t\u1eeb ng\u1ee5m \u0111\u1ea7u ti\u00ean, b\u1ea1n s\u1ebd c\u1ea3m nh\u1eadn r\u00f5 n\u1ed1t h\u01b0\u01a1ng dark chocolate \u0111\u1eb7c tr\u01b0ng, t\u1ea1o [...]","og_url":"https:\/\/jewelry.azdigi.shop\/index.php\/san-pham\/phe-ame-hat-ro-ara\/","og_site_name":"Trang s\u1ee9c b\u1ea1c","article_modified_time":"2026-04-06T20:37:50+00:00","og_image":[{"width":2560,"height":2560,"url":"https:\/\/jewelry.azdigi.shop\/wp-content\/uploads\/2026\/04\/9.-Phe-Cappu-hat-Colom-Ethi-Nong-scaled-1.jpg","type":"image\/jpeg"}],"twitter_card":"summary_large_image","twitter_misc":{"\u01af\u1edbc t\u00ednh th\u1eddi gian \u0111\u1ecdc":"2 ph\u00fat"},"schema":{"@context":"https:\/\/schema.org","@graph":[{"@type":"WebPage","@id":"https:\/\/jewelry.azdigi.shop\/index.php\/san-pham\/phe-ame-hat-ro-ara\/","url":"https:\/\/jewelry.azdigi.shop\/index.php\/san-pham\/phe-ame-hat-ro-ara\/","name":"PH\u00ca AME (H\u1ea1t Ro, Ara) - Trang s\u1ee9c b\u1ea1c","isPartOf":{"@id":"https:\/\/jewelry.azdigi.shop\/#website"},"primaryImageOfPage":{"@id":"https:\/\/jewelry.azdigi.shop\/index.php\/san-pham\/phe-ame-hat-ro-ara\/#primaryimage"},"image":{"@id":"https:\/\/jewelry.azdigi.shop\/index.php\/san-pham\/phe-ame-hat-ro-ara\/#primaryimage"},"thumbnailUrl":"https:\/\/jewelry.azdigi.shop\/wp-content\/uploads\/2026\/04\/9.-Phe-Cappu-hat-Colom-Ethi-Nong-scaled-1.jpg","datePublished":"2026-04-06T20:37:49+00:00","dateModified":"2026-04-06T20:37:50+00:00","breadcrumb":{"@id":"https:\/\/jewelry.azdigi.shop\/index.php\/san-pham\/phe-ame-hat-ro-ara\/#breadcrumb"},"inLanguage":"vi","potentialAction":[{"@type":"ReadAction","target":["https:\/\/jewelry.azdigi.shop\/index.php\/san-pham\/phe-ame-hat-ro-ara\/"]}]},{"@type":"ImageObject","inLanguage":"vi","@id":"https:\/\/jewelry.azdigi.shop\/index.php\/san-pham\/phe-ame-hat-ro-ara\/#primaryimage","url":"https:\/\/jewelry.azdigi.shop\/wp-content\/uploads\/2026\/04\/9.-Phe-Cappu-hat-Colom-Ethi-Nong-scaled-1.jpg","contentUrl":"https:\/\/jewelry.azdigi.shop\/wp-content\/uploads\/2026\/04\/9.-Phe-Cappu-hat-Colom-Ethi-Nong-scaled-1.jpg","width":2560,"height":2560},{"@type":"BreadcrumbList","@id":"https:\/\/jewelry.azdigi.shop\/index.php\/san-pham\/phe-ame-hat-ro-ara\/#breadcrumb","itemListElement":[{"@type":"ListItem","position":1,"name":"Trang ch\u1ee7","item":"https:\/\/jewelry.azdigi.shop\/"},{"@type":"ListItem","position":2,"name":"C\u1eeda h\u00e0ng","item":"https:\/\/jewelry.azdigi.shop\/index.php\/cua-hang\/"},{"@type":"ListItem","position":3,"name":"PH\u00ca AME (H\u1ea1t Ro, Ara)"}]},{"@type":"WebSite","@id":"https:\/\/jewelry.azdigi.shop\/#website","url":"https:\/\/jewelry.azdigi.shop\/","name":"Trang s\u1ee9c b\u1ea1c","description":"","potentialAction":[{"@type":"SearchAction","target":{"@type":"EntryPoint","urlTemplate":"https:\/\/jewelry.azdigi.shop\/?s={search_term_string}"},"query-input":{"@type":"PropertyValueSpecification","valueRequired":true,"valueName":"search_term_string"}}],"inLanguage":"vi"}]}},"_links":{"self":[{"href":"https:\/\/jewelry.azdigi.shop\/index.php\/wp-json\/wp\/v2\/product\/183","targetHints":{"allow":["GET"]}}],"collection":[{"href":"https:\/\/jewelry.azdigi.shop\/index.php\/wp-json\/wp\/v2\/product"}],"about":[{"href":"https:\/\/jewelry.azdigi.shop\/index.php\/wp-json\/wp\/v2\/types\/product"}],"replies":[{"embeddable":true,"href":"https:\/\/jewelry.azdigi.shop\/index.php\/wp-json\/wp\/v2\/comments?post=183"}],"wp:featuredmedia":[{"embeddable":true,"href":"https:\/\/jewelry.azdigi.shop\/index.php\/wp-json\/wp\/v2\/media\/165"}],"wp:attachment":[{"href":"https:\/\/jewelry.azdigi.shop\/index.php\/wp-json\/wp\/v2\/media?parent=183"}],"wp:term":[{"taxonomy":"product_brand","embeddable":true,"href":"https:\/\/jewelry.azdigi.shop\/index.php\/wp-json\/wp\/v2\/product_brand?post=183"},{"taxonomy":"product_cat","embeddable":true,"href":"https:\/\/jewelry.azdigi.shop\/index.php\/wp-json\/wp\/v2\/product_cat?post=183"},{"taxonomy":"product_tag","embeddable":true,"href":"https:\/\/jewelry.azdigi.shop\/index.php\/wp-json\/wp\/v2\/product_tag?post=183"}],"curies":[{"name":"wp","href":"https:\/\/api.w.org\/{rel}","templated":true}]}}